{"id":537,"date":"2015-03-31T11:26:36","date_gmt":"2015-03-31T10:26:36","guid":{"rendered":"http:\/\/www.pavilon-ricany.cz\/?page_id=537"},"modified":"2016-08-19T17:38:16","modified_gmt":"2016-08-19T16:38:16","slug":"seminare-und-festessen","status":"publish","type":"page","link":"https:\/\/www.pavilon-ricany.cz\/de\/seminare-und-festessen\/","title":{"rendered":"Seminare und Festessen"},"content":{"rendered":"<h2>Seminare<\/h2>\n<p>F\u00fcr Seminare, Firmentreffen und private Veranstaltungen\u00a0 haben wir vier R\u00e4ume mit der Kapazit\u00e4t 12 &#8211; 30 Personen, zwei R\u00e4ume mit Klimaanlage. Wenn Sie das Arrangement den Sesseln &#8222;Theater&#8220; zulassen, erh\u00f6ht sich die Kapazit\u00e4t unseres gr\u00f6\u00dften R\u00e4umes au 60 Sitzpl\u00e4tze. Genauso wie in den Zimmern k\u00f6nnen Sie sich auch hier mit dem Internet Verbinden. Gerne verlei\u00b4hen wir Ihnen die Pr\u00e4sentationstechnik inklusive Datenprojektor. F\u00fcr anspruchsvolle Pr\u00e4sentationen steht interaktive Tafel <strong>Smartboard<\/strong> zur\u00a0Verf\u00fcgung.<\/p>\n<h2>Festessen<\/h2>\n<p>Vertrauen Sie uns Ihre Sorgen mit dem Festessen, Hochzeits- oder anderer Feier. F\u00fcr die Hochzeitsfesten haben wir einen speziellen Angebot: angenehme Preisbeg\u00fcnstigungen f\u00fcr\u00a0 die Unterkunft der Hochzeitsg\u00e4ste. die Jungverheirateten bekommen die Suite f\u00fcr\u00a0ihre Hochzeitsnacht gratis!<\/p>\n<h3>Preisliste<\/h3>\n<table>\n<thead>\n<tr>\n<td>Seminarr\u00e4ume und Salon<\/td>\n<td><\/td>\n<\/tr>\n<\/thead>\n<tbody>\n<tr>\n<td>Seminarr\u00e4ume\u00a0I., II. a III.<\/td>\n<td>\u00a0245\u00a0Kc \/ 1 Stunde<\/td>\n<\/tr>\n<tr>\n<td>Kleiner Salon<\/td>\n<td>125 Kc\/ 1 Stunde<\/td>\n<\/tr>\n<\/tbody>\n<\/table>\n<h3>Pr\u00e4sentationstechnik und Dienstleistungen<\/h3>\n<table>\n<tbody>\n<tr>\n<td>Stativleinvand<\/td>\n<td>250 Kc \/ 1 Tag<\/td>\n<\/tr>\n<tr>\n<td>TV<\/td>\n<td>730 Kc \/ 1 Tag<\/td>\n<\/tr>\n<tr>\n<td>Datenprojektor oder Smartboard<\/td>\n<td>1000 Kc\/ 1 Tag<\/td>\n<\/tr>\n<tr>\n<td>Flipchart<\/td>\n<td>215 Kc \/ 1 Tag<\/td>\n<\/tr>\n<tr>\n<td>Fotokopien A4<\/td>\n<td>\u00a04 Kc \/ 1 Seite<\/td>\n<\/tr>\n<tr>\n<td>PC-Vermietung im Internetraum<\/td>\n<td>40 Kc \/ 30 min<\/td>\n<\/tr>\n<\/tbody>\n<\/table>\n<p>&nbsp;<\/p>\n","protected":false},"excerpt":{"rendered":"<p>Seminare F\u00fcr Seminare, Firmentreffen und private Veranstaltungen\u00a0 haben wir vier R\u00e4ume mit der Kapazit\u00e4t 12 &#8211; 30 Personen, zwei R\u00e4ume mit Klimaanlage. Wenn Sie das Arrangement den Sesseln &#8222;Theater&#8220; zulassen, erh\u00f6ht sich die Kapazit\u00e4t unseres gr\u00f6\u00dften R\u00e4umes au 60 Sitzpl\u00e4tze. Genauso wie in den Zimmern k\u00f6nnen Sie sich auch hier mit dem Internet Verbinden. Gerne [&hellip;]<\/p>\n","protected":false},"author":3,"featured_media":0,"parent":0,"menu_order":15,"comment_status":"closed","ping_status":"closed","template":"","meta":[],"yoast_head":"<!-- This site is optimized with the Yoast SEO plugin v19.3 - https:\/\/yoast.com\/wordpress\/plugins\/seo\/ -->\n<title>Seminare und Festessen - Hotel Pavilon \u0158\u00ed\u010dany<\/title>\n<meta name=\"robots\" content=\"index, follow, max-snippet:-1, max-image-preview:large, max-video-preview:-1\" \/>\n<link rel=\"canonical\" href=\"https:\/\/www.pavilon-ricany.cz\/de\/seminare-und-festessen\/\" \/>\n<meta property=\"og:locale\" content=\"de_DE\" \/>\n<meta property=\"og:type\" content=\"article\" \/>\n<meta property=\"og:title\" content=\"Seminare und Festessen - Hotel Pavilon \u0158\u00ed\u010dany\" \/>\n<meta property=\"og:description\" content=\"Seminare F\u00fcr Seminare, Firmentreffen und private Veranstaltungen\u00a0 haben wir vier R\u00e4ume mit der Kapazit\u00e4t 12 &#8211; 30 Personen, zwei R\u00e4ume mit Klimaanlage. Wenn Sie das Arrangement den Sesseln &#8222;Theater&#8220; zulassen, erh\u00f6ht sich die Kapazit\u00e4t unseres gr\u00f6\u00dften R\u00e4umes au 60 Sitzpl\u00e4tze. Genauso wie in den Zimmern k\u00f6nnen Sie sich auch hier mit dem Internet Verbinden. Gerne [&hellip;]\" \/>\n<meta property=\"og:url\" content=\"https:\/\/www.pavilon-ricany.cz\/de\/seminare-und-festessen\/\" \/>\n<meta property=\"og:site_name\" content=\"Hotel Pavilon \u0158\u00ed\u010dany\" \/>\n<meta property=\"article:modified_time\" content=\"2016-08-19T16:38:16+00:00\" \/>\n<meta name=\"twitter:label1\" content=\"Gesch\u00e4tzte Lesezeit\" \/>\n\t<meta name=\"twitter:data1\" content=\"1\u00a0Minute\" \/>\n<script type=\"application\/ld+json\" class=\"yoast-schema-graph\">{\"@context\":\"https:\/\/schema.org\",\"@graph\":[{\"@type\":\"WebSite\",\"@id\":\"https:\/\/www.pavilon-ricany.cz\/#website\",\"url\":\"https:\/\/www.pavilon-ricany.cz\/\",\"name\":\"Hotel Pavilon \u0158\u00ed\u010dany\",\"description\":\"Ubytov\u00e1n\u00ed, restaurace, wellness\",\"potentialAction\":[{\"@type\":\"SearchAction\",\"target\":{\"@type\":\"EntryPoint\",\"urlTemplate\":\"https:\/\/www.pavilon-ricany.cz\/?s={search_term_string}\"},\"query-input\":\"required name=search_term_string\"}],\"inLanguage\":\"de\"},{\"@type\":\"WebPage\",\"@id\":\"https:\/\/www.pavilon-ricany.cz\/de\/seminare-und-festessen\/\",\"url\":\"https:\/\/www.pavilon-ricany.cz\/de\/seminare-und-festessen\/\",\"name\":\"Seminare und Festessen - Hotel Pavilon \u0158\u00ed\u010dany\",\"isPartOf\":{\"@id\":\"https:\/\/www.pavilon-ricany.cz\/#website\"},\"datePublished\":\"2015-03-31T10:26:36+00:00\",\"dateModified\":\"2016-08-19T16:38:16+00:00\",\"breadcrumb\":{\"@id\":\"https:\/\/www.pavilon-ricany.cz\/de\/seminare-und-festessen\/#breadcrumb\"},\"inLanguage\":\"de\",\"potentialAction\":[{\"@type\":\"ReadAction\",\"target\":[\"https:\/\/www.pavilon-ricany.cz\/de\/seminare-und-festessen\/\"]}]},{\"@type\":\"BreadcrumbList\",\"@id\":\"https:\/\/www.pavilon-ricany.cz\/de\/seminare-und-festessen\/#breadcrumb\",\"itemListElement\":[{\"@type\":\"ListItem\",\"position\":1,\"name\":\"Dom\u016f\",\"item\":\"https:\/\/www.pavilon-ricany.cz\/\"},{\"@type\":\"ListItem\",\"position\":2,\"name\":\"Seminare und Festessen\"}]}]}<\/script>\n<!-- \/ Yoast SEO plugin. -->","yoast_head_json":{"title":"Seminare und Festessen - Hotel Pavilon \u0158\u00ed\u010dany","robots":{"index":"index","follow":"follow","max-snippet":"max-snippet:-1","max-image-preview":"max-image-preview:large","max-video-preview":"max-video-preview:-1"},"canonical":"https:\/\/www.pavilon-ricany.cz\/de\/seminare-und-festessen\/","og_locale":"de_DE","og_type":"article","og_title":"Seminare und Festessen - Hotel Pavilon \u0158\u00ed\u010dany","og_description":"Seminare F\u00fcr Seminare, Firmentreffen und private Veranstaltungen\u00a0 haben wir vier R\u00e4ume mit der Kapazit\u00e4t 12 &#8211; 30 Personen, zwei R\u00e4ume mit Klimaanlage. Wenn Sie das Arrangement den Sesseln &#8222;Theater&#8220; zulassen, erh\u00f6ht sich die Kapazit\u00e4t unseres gr\u00f6\u00dften R\u00e4umes au 60 Sitzpl\u00e4tze. Genauso wie in den Zimmern k\u00f6nnen Sie sich auch hier mit dem Internet Verbinden. Gerne [&hellip;]","og_url":"https:\/\/www.pavilon-ricany.cz\/de\/seminare-und-festessen\/","og_site_name":"Hotel Pavilon \u0158\u00ed\u010dany","article_modified_time":"2016-08-19T16:38:16+00:00","twitter_misc":{"Gesch\u00e4tzte Lesezeit":"1\u00a0Minute"},"schema":{"@context":"https:\/\/schema.org","@graph":[{"@type":"WebSite","@id":"https:\/\/www.pavilon-ricany.cz\/#website","url":"https:\/\/www.pavilon-ricany.cz\/","name":"Hotel Pavilon \u0158\u00ed\u010dany","description":"Ubytov\u00e1n\u00ed, restaurace, wellness","potentialAction":[{"@type":"SearchAction","target":{"@type":"EntryPoint","urlTemplate":"https:\/\/www.pavilon-ricany.cz\/?s={search_term_string}"},"query-input":"required name=search_term_string"}],"inLanguage":"de"},{"@type":"WebPage","@id":"https:\/\/www.pavilon-ricany.cz\/de\/seminare-und-festessen\/","url":"https:\/\/www.pavilon-ricany.cz\/de\/seminare-und-festessen\/","name":"Seminare und Festessen - Hotel Pavilon \u0158\u00ed\u010dany","isPartOf":{"@id":"https:\/\/www.pavilon-ricany.cz\/#website"},"datePublished":"2015-03-31T10:26:36+00:00","dateModified":"2016-08-19T16:38:16+00:00","breadcrumb":{"@id":"https:\/\/www.pavilon-ricany.cz\/de\/seminare-und-festessen\/#breadcrumb"},"inLanguage":"de","potentialAction":[{"@type":"ReadAction","target":["https:\/\/www.pavilon-ricany.cz\/de\/seminare-und-festessen\/"]}]},{"@type":"BreadcrumbList","@id":"https:\/\/www.pavilon-ricany.cz\/de\/seminare-und-festessen\/#breadcrumb","itemListElement":[{"@type":"ListItem","position":1,"name":"Dom\u016f","item":"https:\/\/www.pavilon-ricany.cz\/"},{"@type":"ListItem","position":2,"name":"Seminare und Festessen"}]}]}},"_links":{"self":[{"href":"https:\/\/www.pavilon-ricany.cz\/de\/wp-json\/wp\/v2\/pages\/537\/"}],"collection":[{"href":"https:\/\/www.pavilon-ricany.cz\/de\/wp-json\/wp\/v2\/pages\/"}],"about":[{"href":"https:\/\/www.pavilon-ricany.cz\/de\/wp-json\/wp\/v2\/types\/page\/"}],"author":[{"embeddable":true,"href":"https:\/\/www.pavilon-ricany.cz\/de\/wp-json\/wp\/v2\/users\/3\/"}],"replies":[{"embeddable":true,"href":"https:\/\/www.pavilon-ricany.cz\/de\/wp-json\/wp\/v2\/comments\/?post=537"}],"version-history":[{"count":1,"href":"https:\/\/www.pavilon-ricany.cz\/de\/wp-json\/wp\/v2\/pages\/537\/revisions\/"}],"predecessor-version":[{"id":538,"href":"https:\/\/www.pavilon-ricany.cz\/de\/wp-json\/wp\/v2\/pages\/537\/revisions\/538\/"}],"wp:attachment":[{"href":"https:\/\/www.pavilon-ricany.cz\/de\/wp-json\/wp\/v2\/media\/?parent=537"}],"curies":[{"name":"wp","href":"https:\/\/api.w.org\/{rel}","templated":true}]}}