{"id":539,"date":"2015-03-31T11:49:11","date_gmt":"2015-03-31T10:49:11","guid":{"rendered":"http:\/\/www.pavilon-ricany.cz\/?page_id=539"},"modified":"2020-10-07T07:26:25","modified_gmt":"2020-10-07T06:26:25","slug":"kurz-uber-das-hotel","status":"publish","type":"page","link":"https:\/\/www.pavilon-ricany.cz\/de\/kurz-uber-das-hotel\/","title":{"rendered":"Kurz \u00fcber das Hotel"},"content":{"rendered":"\n<p class=\"strong\">Sie suchen Unterkunft?<\/p>\n<p>Nur zwanzig Kilometer vom Prags Zentrum in ruhiger Lokalit\u00e4t der Familienh\u00e4user am Rande des Waldes mit regionalen Radrouten erwartet euch Hotel PAVILON mit Sauna und Squashzentrum.<\/p>\n<p><span style=\"color: #800080;\">In dieser Zeit werden Sie bestimmt ein angenehmes Sicherheitsgef\u00fchl in kleinem Betrieb sch\u00e4tzen, das von hohem Hygienestandard mit konsequenter Desinfektion aller R\u00e4ume bedingt ist.<\/span><\/p>\n<p class=\"strong\">\u00a0Sie k\u00f6nnen bei uns Ihr Elekromobil laden.\u00a0<\/p>\n<h3>WO BRINGEN WIR SIE UNTER?<\/h3>\n<p>In Einbett- und Doppelzimmern oder Luxussuiten. Zusammen stehen 58 Betten zur Verf\u00fcgung. Hotel hat eigenen abgeschlossenen Parkplatz.<\/p>\n<h3>RESTAURANT<\/h3>\n<p>Wir bieten angenehme Ambiente f\u00fcr Ihr Tagesbeginn im Restaurant mit Wintergarten und direktem Aussicht ins Gr\u00fcne.<br \/>\nF\u00fcr die nicht einquartierten G\u00e4ste ist es vorl\u00e4ufig nur vom Montag bis Freitag 11.00-22.00 ge\u00f6ffnet, die K\u00fcche mit ihrem Tagesangebot bis 11.00-14.00.<\/p>\n<p>Alle R\u00e4ume sind NICHTRAUCHER.<\/p>\n","protected":false},"excerpt":{"rendered":"<p>Nur zwanzig Kilometer vom Prags Zentrum in ruhiger Lokalit\u00e4t der Familienh\u00e4user am Rande des Waldes mit regionalen Radrouten erwartet euch Hotel PAVILON mit Sauna und Squashzentrum. In dieser Zeit werden Sie bestimmt ein angenehmes Sicherheitsgef\u00fchl in kleinem Betrieb sch\u00e4tzen, das von hohem Hygienestandard mit konsequenter Desinfektion aller R\u00e4ume bedingt ist. WO BRINGEN WIR SIE UNTER? [&hellip;]<\/p>\n","protected":false},"author":3,"featured_media":0,"parent":0,"menu_order":13,"comment_status":"closed","ping_status":"closed","template":"","meta":[],"yoast_head":"<!-- This site is optimized with the Yoast SEO plugin v19.3 - https:\/\/yoast.com\/wordpress\/plugins\/seo\/ -->\n<title>Kurz \u00fcber das Hotel - Hotel Pavilon \u0158\u00ed\u010dany<\/title>\n<meta name=\"robots\" content=\"index, follow, max-snippet:-1, max-image-preview:large, max-video-preview:-1\" \/>\n<link rel=\"canonical\" href=\"https:\/\/www.pavilon-ricany.cz\/de\/kurz-uber-das-hotel\/\" \/>\n<meta property=\"og:locale\" content=\"de_DE\" \/>\n<meta property=\"og:type\" content=\"article\" \/>\n<meta property=\"og:title\" content=\"Kurz \u00fcber das Hotel - Hotel Pavilon \u0158\u00ed\u010dany\" \/>\n<meta property=\"og:description\" content=\"Nur zwanzig Kilometer vom Prags Zentrum in ruhiger Lokalit\u00e4t der Familienh\u00e4user am Rande des Waldes mit regionalen Radrouten erwartet euch Hotel PAVILON mit Sauna und Squashzentrum. In dieser Zeit werden Sie bestimmt ein angenehmes Sicherheitsgef\u00fchl in kleinem Betrieb sch\u00e4tzen, das von hohem Hygienestandard mit konsequenter Desinfektion aller R\u00e4ume bedingt ist. WO BRINGEN WIR SIE UNTER? [&hellip;]\" \/>\n<meta property=\"og:url\" content=\"https:\/\/www.pavilon-ricany.cz\/de\/kurz-uber-das-hotel\/\" \/>\n<meta property=\"og:site_name\" content=\"Hotel Pavilon \u0158\u00ed\u010dany\" \/>\n<meta property=\"article:modified_time\" content=\"2020-10-07T06:26:25+00:00\" \/>\n<meta name=\"twitter:label1\" content=\"Gesch\u00e4tzte Lesezeit\" \/>\n\t<meta name=\"twitter:data1\" content=\"1\u00a0Minute\" \/>\n<script type=\"application\/ld+json\" class=\"yoast-schema-graph\">{\"@context\":\"https:\/\/schema.org\",\"@graph\":[{\"@type\":\"WebSite\",\"@id\":\"https:\/\/www.pavilon-ricany.cz\/#website\",\"url\":\"https:\/\/www.pavilon-ricany.cz\/\",\"name\":\"Hotel Pavilon \u0158\u00ed\u010dany\",\"description\":\"Ubytov\u00e1n\u00ed, restaurace, wellness\",\"potentialAction\":[{\"@type\":\"SearchAction\",\"target\":{\"@type\":\"EntryPoint\",\"urlTemplate\":\"https:\/\/www.pavilon-ricany.cz\/?s={search_term_string}\"},\"query-input\":\"required name=search_term_string\"}],\"inLanguage\":\"de\"},{\"@type\":\"WebPage\",\"@id\":\"https:\/\/www.pavilon-ricany.cz\/de\/kurz-uber-das-hotel\/\",\"url\":\"https:\/\/www.pavilon-ricany.cz\/de\/kurz-uber-das-hotel\/\",\"name\":\"Kurz \u00fcber das Hotel - Hotel Pavilon \u0158\u00ed\u010dany\",\"isPartOf\":{\"@id\":\"https:\/\/www.pavilon-ricany.cz\/#website\"},\"datePublished\":\"2015-03-31T10:49:11+00:00\",\"dateModified\":\"2020-10-07T06:26:25+00:00\",\"breadcrumb\":{\"@id\":\"https:\/\/www.pavilon-ricany.cz\/de\/kurz-uber-das-hotel\/#breadcrumb\"},\"inLanguage\":\"de\",\"potentialAction\":[{\"@type\":\"ReadAction\",\"target\":[\"https:\/\/www.pavilon-ricany.cz\/de\/kurz-uber-das-hotel\/\"]}]},{\"@type\":\"BreadcrumbList\",\"@id\":\"https:\/\/www.pavilon-ricany.cz\/de\/kurz-uber-das-hotel\/#breadcrumb\",\"itemListElement\":[{\"@type\":\"ListItem\",\"position\":1,\"name\":\"Dom\u016f\",\"item\":\"https:\/\/www.pavilon-ricany.cz\/\"},{\"@type\":\"ListItem\",\"position\":2,\"name\":\"Kurz \u00fcber das Hotel\"}]}]}<\/script>\n<!-- \/ Yoast SEO plugin. -->","yoast_head_json":{"title":"Kurz \u00fcber das Hotel - Hotel Pavilon \u0158\u00ed\u010dany","robots":{"index":"index","follow":"follow","max-snippet":"max-snippet:-1","max-image-preview":"max-image-preview:large","max-video-preview":"max-video-preview:-1"},"canonical":"https:\/\/www.pavilon-ricany.cz\/de\/kurz-uber-das-hotel\/","og_locale":"de_DE","og_type":"article","og_title":"Kurz \u00fcber das Hotel - Hotel Pavilon \u0158\u00ed\u010dany","og_description":"Nur zwanzig Kilometer vom Prags Zentrum in ruhiger Lokalit\u00e4t der Familienh\u00e4user am Rande des Waldes mit regionalen Radrouten erwartet euch Hotel PAVILON mit Sauna und Squashzentrum. In dieser Zeit werden Sie bestimmt ein angenehmes Sicherheitsgef\u00fchl in kleinem Betrieb sch\u00e4tzen, das von hohem Hygienestandard mit konsequenter Desinfektion aller R\u00e4ume bedingt ist. WO BRINGEN WIR SIE UNTER? [&hellip;]","og_url":"https:\/\/www.pavilon-ricany.cz\/de\/kurz-uber-das-hotel\/","og_site_name":"Hotel Pavilon \u0158\u00ed\u010dany","article_modified_time":"2020-10-07T06:26:25+00:00","twitter_misc":{"Gesch\u00e4tzte Lesezeit":"1\u00a0Minute"},"schema":{"@context":"https:\/\/schema.org","@graph":[{"@type":"WebSite","@id":"https:\/\/www.pavilon-ricany.cz\/#website","url":"https:\/\/www.pavilon-ricany.cz\/","name":"Hotel Pavilon \u0158\u00ed\u010dany","description":"Ubytov\u00e1n\u00ed, restaurace, wellness","potentialAction":[{"@type":"SearchAction","target":{"@type":"EntryPoint","urlTemplate":"https:\/\/www.pavilon-ricany.cz\/?s={search_term_string}"},"query-input":"required name=search_term_string"}],"inLanguage":"de"},{"@type":"WebPage","@id":"https:\/\/www.pavilon-ricany.cz\/de\/kurz-uber-das-hotel\/","url":"https:\/\/www.pavilon-ricany.cz\/de\/kurz-uber-das-hotel\/","name":"Kurz \u00fcber das Hotel - Hotel Pavilon \u0158\u00ed\u010dany","isPartOf":{"@id":"https:\/\/www.pavilon-ricany.cz\/#website"},"datePublished":"2015-03-31T10:49:11+00:00","dateModified":"2020-10-07T06:26:25+00:00","breadcrumb":{"@id":"https:\/\/www.pavilon-ricany.cz\/de\/kurz-uber-das-hotel\/#breadcrumb"},"inLanguage":"de","potentialAction":[{"@type":"ReadAction","target":["https:\/\/www.pavilon-ricany.cz\/de\/kurz-uber-das-hotel\/"]}]},{"@type":"BreadcrumbList","@id":"https:\/\/www.pavilon-ricany.cz\/de\/kurz-uber-das-hotel\/#breadcrumb","itemListElement":[{"@type":"ListItem","position":1,"name":"Dom\u016f","item":"https:\/\/www.pavilon-ricany.cz\/"},{"@type":"ListItem","position":2,"name":"Kurz \u00fcber das Hotel"}]}]}},"_links":{"self":[{"href":"https:\/\/www.pavilon-ricany.cz\/de\/wp-json\/wp\/v2\/pages\/539\/"}],"collection":[{"href":"https:\/\/www.pavilon-ricany.cz\/de\/wp-json\/wp\/v2\/pages\/"}],"about":[{"href":"https:\/\/www.pavilon-ricany.cz\/de\/wp-json\/wp\/v2\/types\/page\/"}],"author":[{"embeddable":true,"href":"https:\/\/www.pavilon-ricany.cz\/de\/wp-json\/wp\/v2\/users\/3\/"}],"replies":[{"embeddable":true,"href":"https:\/\/www.pavilon-ricany.cz\/de\/wp-json\/wp\/v2\/comments\/?post=539"}],"version-history":[{"count":6,"href":"https:\/\/www.pavilon-ricany.cz\/de\/wp-json\/wp\/v2\/pages\/539\/revisions\/"}],"predecessor-version":[{"id":2704,"href":"https:\/\/www.pavilon-ricany.cz\/de\/wp-json\/wp\/v2\/pages\/539\/revisions\/2704\/"}],"wp:attachment":[{"href":"https:\/\/www.pavilon-ricany.cz\/de\/wp-json\/wp\/v2\/media\/?parent=539"}],"curies":[{"name":"wp","href":"https:\/\/api.w.org\/{rel}","templated":true}]}}