{"id":546,"date":"2015-03-31T13:12:21","date_gmt":"2015-03-31T12:12:21","guid":{"rendered":"http:\/\/www.pavilon-ricany.cz\/?page_id=546"},"modified":"2015-03-31T13:12:21","modified_gmt":"2015-03-31T12:12:21","slug":"sport-und-wellness","status":"publish","type":"page","link":"https:\/\/www.pavilon-ricany.cz\/de\/sport-und-wellness\/","title":{"rendered":"Sport und Wellness"},"content":{"rendered":"<h2>Was finden Sie bei uns?<\/h2>\n<p>Eine Meng von Sportm\u00f6glichkeiten w\u00e4hrend des ganzen Jahres. Sie k\u00f6nnen Squash und Billard direkt bei uns spielen. In unmittelbarer N\u00e4he stehen Tennispl\u00e4tze und Golfpl\u00e4tze zur Verf\u00fcgung.<\/p>\n","protected":false},"excerpt":{"rendered":"<p>Was finden Sie bei uns? Eine Meng von Sportm\u00f6glichkeiten w\u00e4hrend des ganzen Jahres. Sie k\u00f6nnen Squash und Billard direkt bei uns spielen. In unmittelbarer N\u00e4he stehen Tennispl\u00e4tze und Golfpl\u00e4tze zur Verf\u00fcgung.<\/p>\n","protected":false},"author":3,"featured_media":0,"parent":0,"menu_order":25,"comment_status":"closed","ping_status":"closed","template":"sport-a-wellness.php","meta":[],"yoast_head":"<!-- This site is optimized with the Yoast SEO plugin v19.3 - https:\/\/yoast.com\/wordpress\/plugins\/seo\/ -->\n<title>Sport und Wellness - Hotel Pavilon \u0158\u00ed\u010dany<\/title>\n<meta name=\"robots\" content=\"index, follow, max-snippet:-1, max-image-preview:large, max-video-preview:-1\" \/>\n<link rel=\"canonical\" href=\"https:\/\/www.pavilon-ricany.cz\/de\/sport-und-wellness\/\" \/>\n<meta property=\"og:locale\" content=\"de_DE\" \/>\n<meta property=\"og:type\" content=\"article\" \/>\n<meta property=\"og:title\" content=\"Sport und Wellness - Hotel Pavilon \u0158\u00ed\u010dany\" \/>\n<meta property=\"og:description\" content=\"Was finden Sie bei uns? Eine Meng von Sportm\u00f6glichkeiten w\u00e4hrend des ganzen Jahres. Sie k\u00f6nnen Squash und Billard direkt bei uns spielen. In unmittelbarer N\u00e4he stehen Tennispl\u00e4tze und Golfpl\u00e4tze zur Verf\u00fcgung.\" \/>\n<meta property=\"og:url\" content=\"https:\/\/www.pavilon-ricany.cz\/de\/sport-und-wellness\/\" \/>\n<meta property=\"og:site_name\" content=\"Hotel Pavilon \u0158\u00ed\u010dany\" \/>\n<script type=\"application\/ld+json\" class=\"yoast-schema-graph\">{\"@context\":\"https:\/\/schema.org\",\"@graph\":[{\"@type\":\"WebSite\",\"@id\":\"https:\/\/www.pavilon-ricany.cz\/#website\",\"url\":\"https:\/\/www.pavilon-ricany.cz\/\",\"name\":\"Hotel Pavilon \u0158\u00ed\u010dany\",\"description\":\"Ubytov\u00e1n\u00ed, restaurace, wellness\",\"potentialAction\":[{\"@type\":\"SearchAction\",\"target\":{\"@type\":\"EntryPoint\",\"urlTemplate\":\"https:\/\/www.pavilon-ricany.cz\/?s={search_term_string}\"},\"query-input\":\"required name=search_term_string\"}],\"inLanguage\":\"de\"},{\"@type\":\"WebPage\",\"@id\":\"https:\/\/www.pavilon-ricany.cz\/de\/sport-und-wellness\/\",\"url\":\"https:\/\/www.pavilon-ricany.cz\/de\/sport-und-wellness\/\",\"name\":\"Sport und Wellness - Hotel Pavilon \u0158\u00ed\u010dany\",\"isPartOf\":{\"@id\":\"https:\/\/www.pavilon-ricany.cz\/#website\"},\"datePublished\":\"2015-03-31T12:12:21+00:00\",\"dateModified\":\"2015-03-31T12:12:21+00:00\",\"breadcrumb\":{\"@id\":\"https:\/\/www.pavilon-ricany.cz\/de\/sport-und-wellness\/#breadcrumb\"},\"inLanguage\":\"de\",\"potentialAction\":[{\"@type\":\"ReadAction\",\"target\":[\"https:\/\/www.pavilon-ricany.cz\/de\/sport-und-wellness\/\"]}]},{\"@type\":\"BreadcrumbList\",\"@id\":\"https:\/\/www.pavilon-ricany.cz\/de\/sport-und-wellness\/#breadcrumb\",\"itemListElement\":[{\"@type\":\"ListItem\",\"position\":1,\"name\":\"Dom\u016f\",\"item\":\"https:\/\/www.pavilon-ricany.cz\/\"},{\"@type\":\"ListItem\",\"position\":2,\"name\":\"Sport und Wellness\"}]}]}<\/script>\n<!-- \/ Yoast SEO plugin. -->","yoast_head_json":{"title":"Sport und Wellness - Hotel Pavilon \u0158\u00ed\u010dany","robots":{"index":"index","follow":"follow","max-snippet":"max-snippet:-1","max-image-preview":"max-image-preview:large","max-video-preview":"max-video-preview:-1"},"canonical":"https:\/\/www.pavilon-ricany.cz\/de\/sport-und-wellness\/","og_locale":"de_DE","og_type":"article","og_title":"Sport und Wellness - Hotel Pavilon \u0158\u00ed\u010dany","og_description":"Was finden Sie bei uns? Eine Meng von Sportm\u00f6glichkeiten w\u00e4hrend des ganzen Jahres. Sie k\u00f6nnen Squash und Billard direkt bei uns spielen. In unmittelbarer N\u00e4he stehen Tennispl\u00e4tze und Golfpl\u00e4tze zur Verf\u00fcgung.","og_url":"https:\/\/www.pavilon-ricany.cz\/de\/sport-und-wellness\/","og_site_name":"Hotel Pavilon \u0158\u00ed\u010dany","schema":{"@context":"https:\/\/schema.org","@graph":[{"@type":"WebSite","@id":"https:\/\/www.pavilon-ricany.cz\/#website","url":"https:\/\/www.pavilon-ricany.cz\/","name":"Hotel Pavilon \u0158\u00ed\u010dany","description":"Ubytov\u00e1n\u00ed, restaurace, wellness","potentialAction":[{"@type":"SearchAction","target":{"@type":"EntryPoint","urlTemplate":"https:\/\/www.pavilon-ricany.cz\/?s={search_term_string}"},"query-input":"required name=search_term_string"}],"inLanguage":"de"},{"@type":"WebPage","@id":"https:\/\/www.pavilon-ricany.cz\/de\/sport-und-wellness\/","url":"https:\/\/www.pavilon-ricany.cz\/de\/sport-und-wellness\/","name":"Sport und Wellness - Hotel Pavilon \u0158\u00ed\u010dany","isPartOf":{"@id":"https:\/\/www.pavilon-ricany.cz\/#website"},"datePublished":"2015-03-31T12:12:21+00:00","dateModified":"2015-03-31T12:12:21+00:00","breadcrumb":{"@id":"https:\/\/www.pavilon-ricany.cz\/de\/sport-und-wellness\/#breadcrumb"},"inLanguage":"de","potentialAction":[{"@type":"ReadAction","target":["https:\/\/www.pavilon-ricany.cz\/de\/sport-und-wellness\/"]}]},{"@type":"BreadcrumbList","@id":"https:\/\/www.pavilon-ricany.cz\/de\/sport-und-wellness\/#breadcrumb","itemListElement":[{"@type":"ListItem","position":1,"name":"Dom\u016f","item":"https:\/\/www.pavilon-ricany.cz\/"},{"@type":"ListItem","position":2,"name":"Sport und Wellness"}]}]}},"_links":{"self":[{"href":"https:\/\/www.pavilon-ricany.cz\/de\/wp-json\/wp\/v2\/pages\/546\/"}],"collection":[{"href":"https:\/\/www.pavilon-ricany.cz\/de\/wp-json\/wp\/v2\/pages\/"}],"about":[{"href":"https:\/\/www.pavilon-ricany.cz\/de\/wp-json\/wp\/v2\/types\/page\/"}],"author":[{"embeddable":true,"href":"https:\/\/www.pavilon-ricany.cz\/de\/wp-json\/wp\/v2\/users\/3\/"}],"replies":[{"embeddable":true,"href":"https:\/\/www.pavilon-ricany.cz\/de\/wp-json\/wp\/v2\/comments\/?post=546"}],"version-history":[{"count":1,"href":"https:\/\/www.pavilon-ricany.cz\/de\/wp-json\/wp\/v2\/pages\/546\/revisions\/"}],"predecessor-version":[{"id":547,"href":"https:\/\/www.pavilon-ricany.cz\/de\/wp-json\/wp\/v2\/pages\/546\/revisions\/547\/"}],"wp:attachment":[{"href":"https:\/\/www.pavilon-ricany.cz\/de\/wp-json\/wp\/v2\/media\/?parent=546"}],"curies":[{"name":"wp","href":"https:\/\/api.w.org\/{rel}","templated":true}]}}