{"id":548,"date":"2015-03-31T13:20:34","date_gmt":"2015-03-31T12:20:34","guid":{"rendered":"http:\/\/www.pavilon-ricany.cz\/?page_id=548"},"modified":"2026-04-07T12:30:40","modified_gmt":"2026-04-07T11:30:40","slug":"squash","status":"publish","type":"page","link":"https:\/\/www.pavilon-ricany.cz\/de\/sport-und-wellness\/squash\/","title":{"rendered":"Squash"},"content":{"rendered":"<p>Spielen Sie bei uns auf zwei klimatisierten Courts. In der Rezeption k\u00f6nnen Sie den Ball kaufen und den Schl\u00e4ger borgen. <strong>Squash ist t\u00e4glich von 9.00 bis 21.00 Uhr offen.<\/strong><\/p>\n<p>&nbsp;<\/p>\n","protected":false},"excerpt":{"rendered":"<p>Spielen Sie bei uns auf zwei klimatisierten Courts. In der Rezeption k\u00f6nnen Sie den Ball kaufen und den Schl\u00e4ger borgen. Squash ist t\u00e4glich von 9.00 bis 21.00 Uhr offen. &nbsp;<\/p>\n","protected":false},"author":3,"featured_media":0,"parent":546,"menu_order":21,"comment_status":"closed","ping_status":"closed","template":"","meta":[],"yoast_head":"<!-- This site is optimized with the Yoast SEO plugin v19.3 - https:\/\/yoast.com\/wordpress\/plugins\/seo\/ -->\n<title>Squash - Hotel Pavilon \u0158\u00ed\u010dany<\/title>\n<meta name=\"robots\" content=\"index, follow, max-snippet:-1, max-image-preview:large, max-video-preview:-1\" \/>\n<link rel=\"canonical\" href=\"https:\/\/www.pavilon-ricany.cz\/de\/sport-und-wellness\/squash\/\" \/>\n<meta property=\"og:locale\" content=\"de_DE\" \/>\n<meta property=\"og:type\" content=\"article\" \/>\n<meta property=\"og:title\" content=\"Squash - Hotel Pavilon \u0158\u00ed\u010dany\" \/>\n<meta property=\"og:description\" content=\"Spielen Sie bei uns auf zwei klimatisierten Courts. In der Rezeption k\u00f6nnen Sie den Ball kaufen und den Schl\u00e4ger borgen. Squash ist t\u00e4glich von 9.00 bis 21.00 Uhr offen. &nbsp;\" \/>\n<meta property=\"og:url\" content=\"https:\/\/www.pavilon-ricany.cz\/de\/sport-und-wellness\/squash\/\" \/>\n<meta property=\"og:site_name\" content=\"Hotel Pavilon \u0158\u00ed\u010dany\" \/>\n<meta property=\"article:modified_time\" content=\"2026-04-07T11:30:40+00:00\" \/>\n<meta name=\"twitter:label1\" content=\"Gesch\u00e4tzte Lesezeit\" \/>\n\t<meta name=\"twitter:data1\" content=\"1\u00a0Minute\" \/>\n<script type=\"application\/ld+json\" class=\"yoast-schema-graph\">{\"@context\":\"https:\/\/schema.org\",\"@graph\":[{\"@type\":\"WebSite\",\"@id\":\"https:\/\/www.pavilon-ricany.cz\/#website\",\"url\":\"https:\/\/www.pavilon-ricany.cz\/\",\"name\":\"Hotel Pavilon \u0158\u00ed\u010dany\",\"description\":\"Ubytov\u00e1n\u00ed, restaurace, wellness\",\"potentialAction\":[{\"@type\":\"SearchAction\",\"target\":{\"@type\":\"EntryPoint\",\"urlTemplate\":\"https:\/\/www.pavilon-ricany.cz\/?s={search_term_string}\"},\"query-input\":\"required name=search_term_string\"}],\"inLanguage\":\"de\"},{\"@type\":\"WebPage\",\"@id\":\"https:\/\/www.pavilon-ricany.cz\/de\/sport-und-wellness\/squash\/\",\"url\":\"https:\/\/www.pavilon-ricany.cz\/de\/sport-und-wellness\/squash\/\",\"name\":\"Squash - Hotel Pavilon \u0158\u00ed\u010dany\",\"isPartOf\":{\"@id\":\"https:\/\/www.pavilon-ricany.cz\/#website\"},\"datePublished\":\"2015-03-31T12:20:34+00:00\",\"dateModified\":\"2026-04-07T11:30:40+00:00\",\"breadcrumb\":{\"@id\":\"https:\/\/www.pavilon-ricany.cz\/de\/sport-und-wellness\/squash\/#breadcrumb\"},\"inLanguage\":\"de\",\"potentialAction\":[{\"@type\":\"ReadAction\",\"target\":[\"https:\/\/www.pavilon-ricany.cz\/de\/sport-und-wellness\/squash\/\"]}]},{\"@type\":\"BreadcrumbList\",\"@id\":\"https:\/\/www.pavilon-ricany.cz\/de\/sport-und-wellness\/squash\/#breadcrumb\",\"itemListElement\":[{\"@type\":\"ListItem\",\"position\":1,\"name\":\"Dom\u016f\",\"item\":\"https:\/\/www.pavilon-ricany.cz\/\"},{\"@type\":\"ListItem\",\"position\":2,\"name\":\"Sport und Wellness\",\"item\":\"https:\/\/www.pavilon-ricany.cz\/de\/sport-und-wellness\/\"},{\"@type\":\"ListItem\",\"position\":3,\"name\":\"Squash\"}]}]}<\/script>\n<!-- \/ Yoast SEO plugin. -->","yoast_head_json":{"title":"Squash - Hotel Pavilon \u0158\u00ed\u010dany","robots":{"index":"index","follow":"follow","max-snippet":"max-snippet:-1","max-image-preview":"max-image-preview:large","max-video-preview":"max-video-preview:-1"},"canonical":"https:\/\/www.pavilon-ricany.cz\/de\/sport-und-wellness\/squash\/","og_locale":"de_DE","og_type":"article","og_title":"Squash - Hotel Pavilon \u0158\u00ed\u010dany","og_description":"Spielen Sie bei uns auf zwei klimatisierten Courts. In der Rezeption k\u00f6nnen Sie den Ball kaufen und den Schl\u00e4ger borgen. Squash ist t\u00e4glich von 9.00 bis 21.00 Uhr offen. &nbsp;","og_url":"https:\/\/www.pavilon-ricany.cz\/de\/sport-und-wellness\/squash\/","og_site_name":"Hotel Pavilon \u0158\u00ed\u010dany","article_modified_time":"2026-04-07T11:30:40+00:00","twitter_misc":{"Gesch\u00e4tzte Lesezeit":"1\u00a0Minute"},"schema":{"@context":"https:\/\/schema.org","@graph":[{"@type":"WebSite","@id":"https:\/\/www.pavilon-ricany.cz\/#website","url":"https:\/\/www.pavilon-ricany.cz\/","name":"Hotel Pavilon \u0158\u00ed\u010dany","description":"Ubytov\u00e1n\u00ed, restaurace, wellness","potentialAction":[{"@type":"SearchAction","target":{"@type":"EntryPoint","urlTemplate":"https:\/\/www.pavilon-ricany.cz\/?s={search_term_string}"},"query-input":"required name=search_term_string"}],"inLanguage":"de"},{"@type":"WebPage","@id":"https:\/\/www.pavilon-ricany.cz\/de\/sport-und-wellness\/squash\/","url":"https:\/\/www.pavilon-ricany.cz\/de\/sport-und-wellness\/squash\/","name":"Squash - Hotel Pavilon \u0158\u00ed\u010dany","isPartOf":{"@id":"https:\/\/www.pavilon-ricany.cz\/#website"},"datePublished":"2015-03-31T12:20:34+00:00","dateModified":"2026-04-07T11:30:40+00:00","breadcrumb":{"@id":"https:\/\/www.pavilon-ricany.cz\/de\/sport-und-wellness\/squash\/#breadcrumb"},"inLanguage":"de","potentialAction":[{"@type":"ReadAction","target":["https:\/\/www.pavilon-ricany.cz\/de\/sport-und-wellness\/squash\/"]}]},{"@type":"BreadcrumbList","@id":"https:\/\/www.pavilon-ricany.cz\/de\/sport-und-wellness\/squash\/#breadcrumb","itemListElement":[{"@type":"ListItem","position":1,"name":"Dom\u016f","item":"https:\/\/www.pavilon-ricany.cz\/"},{"@type":"ListItem","position":2,"name":"Sport und Wellness","item":"https:\/\/www.pavilon-ricany.cz\/de\/sport-und-wellness\/"},{"@type":"ListItem","position":3,"name":"Squash"}]}]}},"_links":{"self":[{"href":"https:\/\/www.pavilon-ricany.cz\/de\/wp-json\/wp\/v2\/pages\/548\/"}],"collection":[{"href":"https:\/\/www.pavilon-ricany.cz\/de\/wp-json\/wp\/v2\/pages\/"}],"about":[{"href":"https:\/\/www.pavilon-ricany.cz\/de\/wp-json\/wp\/v2\/types\/page\/"}],"author":[{"embeddable":true,"href":"https:\/\/www.pavilon-ricany.cz\/de\/wp-json\/wp\/v2\/users\/3\/"}],"replies":[{"embeddable":true,"href":"https:\/\/www.pavilon-ricany.cz\/de\/wp-json\/wp\/v2\/comments\/?post=548"}],"version-history":[{"count":2,"href":"https:\/\/www.pavilon-ricany.cz\/de\/wp-json\/wp\/v2\/pages\/548\/revisions\/"}],"predecessor-version":[{"id":2933,"href":"https:\/\/www.pavilon-ricany.cz\/de\/wp-json\/wp\/v2\/pages\/548\/revisions\/2933\/"}],"up":[{"embeddable":true,"href":"https:\/\/www.pavilon-ricany.cz\/de\/wp-json\/wp\/v2\/pages\/546\/"}],"wp:attachment":[{"href":"https:\/\/www.pavilon-ricany.cz\/de\/wp-json\/wp\/v2\/media\/?parent=548"}],"curies":[{"name":"wp","href":"https:\/\/api.w.org\/{rel}","templated":true}]}}