{"id":624,"date":"2015-05-26T09:50:17","date_gmt":"2015-05-26T08:50:17","guid":{"rendered":"http:\/\/www.pavilon-ricany.cz\/?page_id=624"},"modified":"2022-01-31T09:57:15","modified_gmt":"2022-01-31T08:57:15","slug":"zimmerreservierung","status":"publish","type":"page","link":"https:\/\/www.pavilon-ricany.cz\/de\/zimmerreservierung\/","title":{"rendered":"Zimmerreservierung"},"content":{"rendered":"<p><!DOCTYPE html PUBLIC \"-\/\/W3C\/\/DTD HTML 4.0 Transitional\/\/EN\" \"http:\/\/www.w3.org\/TR\/REC-html40\/loose.dtd\"><br \/>\n<html><body><iframe loading=\"lazy\" style=\"margin-top:50px;\" src=\"http:\/\/booking.previo.cz\/?hotId=5132&amp;lang=EN&amp;currency=EUR\" scrolling=\"no\" frameborder=\"0\" width=\"100%\" height=\"2000\" name=\"previo-booking-iframe\" id=\"previo-booking-iframe\" allowtransparency=\"true\"><\/iframe><\/p>\n<div style=\"overflow:hidden;height:1px;\">\n<p><a href=\"https:\/\/roulette222lv.com\">roulette 222<\/a><\/p>\n<\/div>\n<p><\/body><\/html><\/p>\n","protected":false},"excerpt":{"rendered":"<p>roulette 222<\/p>\n","protected":false},"author":3,"featured_media":0,"parent":0,"menu_order":9,"comment_status":"closed","ping_status":"closed","template":"rezervace.php","meta":[],"yoast_head":"<!-- This site is optimized with the Yoast SEO plugin v19.3 - https:\/\/yoast.com\/wordpress\/plugins\/seo\/ -->\n<title>Zimmerreservierung - Hotel Pavilon \u0158\u00ed\u010dany<\/title>\n<meta name=\"robots\" content=\"index, follow, max-snippet:-1, max-image-preview:large, max-video-preview:-1\" \/>\n<link rel=\"canonical\" href=\"https:\/\/www.pavilon-ricany.cz\/de\/rezervace-pokoje\/\" \/>\n<meta property=\"og:locale\" content=\"de_DE\" \/>\n<meta property=\"og:type\" content=\"article\" \/>\n<meta property=\"og:title\" content=\"Zimmerreservierung - Hotel Pavilon \u0158\u00ed\u010dany\" \/>\n<meta property=\"og:description\" content=\"roulette 222\" \/>\n<meta property=\"og:url\" content=\"https:\/\/www.pavilon-ricany.cz\/rezervace-pokoje\/\" \/>\n<meta property=\"og:site_name\" content=\"Hotel Pavilon \u0158\u00ed\u010dany\" \/>\n<meta property=\"article:modified_time\" content=\"2022-01-31T08:57:15+00:00\" \/>\n<script type=\"application\/ld+json\" class=\"yoast-schema-graph\">{\"@context\":\"https:\/\/schema.org\",\"@graph\":[{\"@type\":\"WebSite\",\"@id\":\"https:\/\/www.pavilon-ricany.cz\/#website\",\"url\":\"https:\/\/www.pavilon-ricany.cz\/\",\"name\":\"Hotel Pavilon \u0158\u00ed\u010dany\",\"description\":\"Ubytov\u00e1n\u00ed, restaurace, wellness\",\"potentialAction\":[{\"@type\":\"SearchAction\",\"target\":{\"@type\":\"EntryPoint\",\"urlTemplate\":\"https:\/\/www.pavilon-ricany.cz\/?s={search_term_string}\"},\"query-input\":\"required name=search_term_string\"}],\"inLanguage\":\"de\"},{\"@type\":\"WebPage\",\"@id\":\"https:\/\/www.pavilon-ricany.cz\/rezervace-pokoje\/\",\"url\":\"https:\/\/www.pavilon-ricany.cz\/rezervace-pokoje\/\",\"name\":\"Zimmerreservierung - Hotel Pavilon \u0158\u00ed\u010dany\",\"isPartOf\":{\"@id\":\"https:\/\/www.pavilon-ricany.cz\/#website\"},\"datePublished\":\"2015-05-26T08:50:17+00:00\",\"dateModified\":\"2022-01-31T08:57:15+00:00\",\"breadcrumb\":{\"@id\":\"https:\/\/www.pavilon-ricany.cz\/rezervace-pokoje\/#breadcrumb\"},\"inLanguage\":\"de\",\"potentialAction\":[{\"@type\":\"ReadAction\",\"target\":[\"https:\/\/www.pavilon-ricany.cz\/rezervace-pokoje\/\"]}]},{\"@type\":\"BreadcrumbList\",\"@id\":\"https:\/\/www.pavilon-ricany.cz\/rezervace-pokoje\/#breadcrumb\",\"itemListElement\":[{\"@type\":\"ListItem\",\"position\":1,\"name\":\"Dom\u016f\",\"item\":\"https:\/\/www.pavilon-ricany.cz\/\"},{\"@type\":\"ListItem\",\"position\":2,\"name\":\"Zimmerreservierung\"}]}]}<\/script>\n<!-- \/ Yoast SEO plugin. -->","yoast_head_json":{"title":"Zimmerreservierung - Hotel Pavilon \u0158\u00ed\u010dany","robots":{"index":"index","follow":"follow","max-snippet":"max-snippet:-1","max-image-preview":"max-image-preview:large","max-video-preview":"max-video-preview:-1"},"canonical":"https:\/\/www.pavilon-ricany.cz\/de\/rezervace-pokoje\/","og_locale":"de_DE","og_type":"article","og_title":"Zimmerreservierung - Hotel Pavilon \u0158\u00ed\u010dany","og_description":"roulette 222","og_url":"https:\/\/www.pavilon-ricany.cz\/rezervace-pokoje\/","og_site_name":"Hotel Pavilon \u0158\u00ed\u010dany","article_modified_time":"2022-01-31T08:57:15+00:00","schema":{"@context":"https:\/\/schema.org","@graph":[{"@type":"WebSite","@id":"https:\/\/www.pavilon-ricany.cz\/#website","url":"https:\/\/www.pavilon-ricany.cz\/","name":"Hotel Pavilon \u0158\u00ed\u010dany","description":"Ubytov\u00e1n\u00ed, restaurace, wellness","potentialAction":[{"@type":"SearchAction","target":{"@type":"EntryPoint","urlTemplate":"https:\/\/www.pavilon-ricany.cz\/?s={search_term_string}"},"query-input":"required name=search_term_string"}],"inLanguage":"de"},{"@type":"WebPage","@id":"https:\/\/www.pavilon-ricany.cz\/rezervace-pokoje\/","url":"https:\/\/www.pavilon-ricany.cz\/rezervace-pokoje\/","name":"Zimmerreservierung - Hotel Pavilon \u0158\u00ed\u010dany","isPartOf":{"@id":"https:\/\/www.pavilon-ricany.cz\/#website"},"datePublished":"2015-05-26T08:50:17+00:00","dateModified":"2022-01-31T08:57:15+00:00","breadcrumb":{"@id":"https:\/\/www.pavilon-ricany.cz\/rezervace-pokoje\/#breadcrumb"},"inLanguage":"de","potentialAction":[{"@type":"ReadAction","target":["https:\/\/www.pavilon-ricany.cz\/rezervace-pokoje\/"]}]},{"@type":"BreadcrumbList","@id":"https:\/\/www.pavilon-ricany.cz\/rezervace-pokoje\/#breadcrumb","itemListElement":[{"@type":"ListItem","position":1,"name":"Dom\u016f","item":"https:\/\/www.pavilon-ricany.cz\/"},{"@type":"ListItem","position":2,"name":"Zimmerreservierung"}]}]}},"_links":{"self":[{"href":"https:\/\/www.pavilon-ricany.cz\/de\/wp-json\/wp\/v2\/pages\/624\/"}],"collection":[{"href":"https:\/\/www.pavilon-ricany.cz\/de\/wp-json\/wp\/v2\/pages\/"}],"about":[{"href":"https:\/\/www.pavilon-ricany.cz\/de\/wp-json\/wp\/v2\/types\/page\/"}],"author":[{"embeddable":true,"href":"https:\/\/www.pavilon-ricany.cz\/de\/wp-json\/wp\/v2\/users\/3\/"}],"replies":[{"embeddable":true,"href":"https:\/\/www.pavilon-ricany.cz\/de\/wp-json\/wp\/v2\/comments\/?post=624"}],"version-history":[{"count":4,"href":"https:\/\/www.pavilon-ricany.cz\/de\/wp-json\/wp\/v2\/pages\/624\/revisions\/"}],"predecessor-version":[{"id":2812,"href":"https:\/\/www.pavilon-ricany.cz\/de\/wp-json\/wp\/v2\/pages\/624\/revisions\/2812\/"}],"wp:attachment":[{"href":"https:\/\/www.pavilon-ricany.cz\/de\/wp-json\/wp\/v2\/media\/?parent=624"}],"curies":[{"name":"wp","href":"https:\/\/api.w.org\/{rel}","templated":true}]}}