{"id":119,"date":"2015-01-21T15:21:09","date_gmt":"2015-01-21T14:21:09","guid":{"rendered":"http:\/\/www.pavilon-ricany.cz\/\/?page_id=119"},"modified":"2020-10-06T10:23:47","modified_gmt":"2020-10-06T09:23:47","slug":"shortly-hotel","status":"publish","type":"page","link":"https:\/\/www.pavilon-ricany.cz\/en\/shortly-hotel\/","title":{"rendered":"Shortly about hotel"},"content":{"rendered":"\n<p class=\"strong\"> Your electric cars can be charged at our hotel.<\/p>\n<p class=\"strong\">Looking for an accomodation?<\/p>\n<p>Hotel Pavilon is waiting for you no more than twenty kilometres from Prague&#8217;s downtown, situated in a quiet location among family houses with direct connection to bicycle tracks of Central Bohemia. Hotel with a breakfast restaurant, squash courts, sauna and private parking. <span style=\"color: #800080;\">You will currently appreciate the feeling of security in a small accommodation facility with a high standard of hygiene guaranteed by thorough disinfection of all areas.<\/span><\/p>\n<h3>Where will you stay?<\/h3>\n<p>We offer accomodation in various rooms. Single or double-bedded, or in luxurious appartments, all rooms can be equipped with extra bed. Altogether 58 beds are\u00a0avaliable.<\/p>\n<h3>Restaurant<\/h3>\n<p>We offer you a pleasant environment to\u00a0sit down, relax and have something good to eat in our restaurant with a view into garden. Opening hours are from 11:00 to 22:00, the kitchen with a daily menu from 11:00 to 14:00. Our facility is completely non-smoking.<\/p>\n","protected":false},"excerpt":{"rendered":"<p>Hotel Pavilon is waiting for you no more than twenty kilometres from Prague&#8217;s downtown, situated in a quiet location among family houses with direct connection to bicycle tracks of Central Bohemia. Hotel with a breakfast restaurant, squash courts, sauna and private parking. You will currently appreciate the feeling of security in a small accommodation facility [&hellip;]<\/p>\n","protected":false},"author":3,"featured_media":0,"parent":0,"menu_order":13,"comment_status":"closed","ping_status":"closed","template":"","meta":[],"yoast_head":"<!-- This site is optimized with the Yoast SEO plugin v19.3 - https:\/\/yoast.com\/wordpress\/plugins\/seo\/ -->\n<title>Shortly about hotel - Hotel Pavilon \u0158\u00ed\u010dany<\/title>\n<meta name=\"robots\" content=\"index, follow, max-snippet:-1, max-image-preview:large, max-video-preview:-1\" \/>\n<link rel=\"canonical\" href=\"https:\/\/www.pavilon-ricany.cz\/en\/shortly-hotel\/\" \/>\n<meta property=\"og:locale\" content=\"en_US\" \/>\n<meta property=\"og:type\" content=\"article\" \/>\n<meta property=\"og:title\" content=\"Shortly about hotel - Hotel Pavilon \u0158\u00ed\u010dany\" \/>\n<meta property=\"og:description\" content=\"Hotel Pavilon is waiting for you no more than twenty kilometres from Prague&#8217;s downtown, situated in a quiet location among family houses with direct connection to bicycle tracks of Central Bohemia. Hotel with a breakfast restaurant, squash courts, sauna and private parking. You will currently appreciate the feeling of security in a small accommodation facility [&hellip;]\" \/>\n<meta property=\"og:url\" content=\"https:\/\/www.pavilon-ricany.cz\/en\/shortly-hotel\/\" \/>\n<meta property=\"og:site_name\" content=\"Hotel Pavilon \u0158\u00ed\u010dany\" \/>\n<meta property=\"article:modified_time\" content=\"2020-10-06T09:23:47+00:00\" \/>\n<meta name=\"twitter:label1\" content=\"Est. reading time\" \/>\n\t<meta name=\"twitter:data1\" content=\"1 minute\" \/>\n<script type=\"application\/ld+json\" class=\"yoast-schema-graph\">{\"@context\":\"https:\/\/schema.org\",\"@graph\":[{\"@type\":\"WebSite\",\"@id\":\"https:\/\/www.pavilon-ricany.cz\/#website\",\"url\":\"https:\/\/www.pavilon-ricany.cz\/\",\"name\":\"Hotel Pavilon \u0158\u00ed\u010dany\",\"description\":\"Ubytov\u00e1n\u00ed, restaurace, wellness\",\"potentialAction\":[{\"@type\":\"SearchAction\",\"target\":{\"@type\":\"EntryPoint\",\"urlTemplate\":\"https:\/\/www.pavilon-ricany.cz\/?s={search_term_string}\"},\"query-input\":\"required name=search_term_string\"}],\"inLanguage\":\"en-US\"},{\"@type\":\"WebPage\",\"@id\":\"https:\/\/www.pavilon-ricany.cz\/en\/shortly-hotel\/\",\"url\":\"https:\/\/www.pavilon-ricany.cz\/en\/shortly-hotel\/\",\"name\":\"Shortly about hotel - Hotel Pavilon \u0158\u00ed\u010dany\",\"isPartOf\":{\"@id\":\"https:\/\/www.pavilon-ricany.cz\/#website\"},\"datePublished\":\"2015-01-21T14:21:09+00:00\",\"dateModified\":\"2020-10-06T09:23:47+00:00\",\"breadcrumb\":{\"@id\":\"https:\/\/www.pavilon-ricany.cz\/en\/shortly-hotel\/#breadcrumb\"},\"inLanguage\":\"en-US\",\"potentialAction\":[{\"@type\":\"ReadAction\",\"target\":[\"https:\/\/www.pavilon-ricany.cz\/en\/shortly-hotel\/\"]}]},{\"@type\":\"BreadcrumbList\",\"@id\":\"https:\/\/www.pavilon-ricany.cz\/en\/shortly-hotel\/#breadcrumb\",\"itemListElement\":[{\"@type\":\"ListItem\",\"position\":1,\"name\":\"Dom\u016f\",\"item\":\"https:\/\/www.pavilon-ricany.cz\/\"},{\"@type\":\"ListItem\",\"position\":2,\"name\":\"Shortly about hotel\"}]}]}<\/script>\n<!-- \/ Yoast SEO plugin. -->","yoast_head_json":{"title":"Shortly about hotel - Hotel Pavilon \u0158\u00ed\u010dany","robots":{"index":"index","follow":"follow","max-snippet":"max-snippet:-1","max-image-preview":"max-image-preview:large","max-video-preview":"max-video-preview:-1"},"canonical":"https:\/\/www.pavilon-ricany.cz\/en\/shortly-hotel\/","og_locale":"en_US","og_type":"article","og_title":"Shortly about hotel - Hotel Pavilon \u0158\u00ed\u010dany","og_description":"Hotel Pavilon is waiting for you no more than twenty kilometres from Prague&#8217;s downtown, situated in a quiet location among family houses with direct connection to bicycle tracks of Central Bohemia. Hotel with a breakfast restaurant, squash courts, sauna and private parking. You will currently appreciate the feeling of security in a small accommodation facility [&hellip;]","og_url":"https:\/\/www.pavilon-ricany.cz\/en\/shortly-hotel\/","og_site_name":"Hotel Pavilon \u0158\u00ed\u010dany","article_modified_time":"2020-10-06T09:23:47+00:00","twitter_misc":{"Est. reading time":"1 minute"},"schema":{"@context":"https:\/\/schema.org","@graph":[{"@type":"WebSite","@id":"https:\/\/www.pavilon-ricany.cz\/#website","url":"https:\/\/www.pavilon-ricany.cz\/","name":"Hotel Pavilon \u0158\u00ed\u010dany","description":"Ubytov\u00e1n\u00ed, restaurace, wellness","potentialAction":[{"@type":"SearchAction","target":{"@type":"EntryPoint","urlTemplate":"https:\/\/www.pavilon-ricany.cz\/?s={search_term_string}"},"query-input":"required name=search_term_string"}],"inLanguage":"en-US"},{"@type":"WebPage","@id":"https:\/\/www.pavilon-ricany.cz\/en\/shortly-hotel\/","url":"https:\/\/www.pavilon-ricany.cz\/en\/shortly-hotel\/","name":"Shortly about hotel - Hotel Pavilon \u0158\u00ed\u010dany","isPartOf":{"@id":"https:\/\/www.pavilon-ricany.cz\/#website"},"datePublished":"2015-01-21T14:21:09+00:00","dateModified":"2020-10-06T09:23:47+00:00","breadcrumb":{"@id":"https:\/\/www.pavilon-ricany.cz\/en\/shortly-hotel\/#breadcrumb"},"inLanguage":"en-US","potentialAction":[{"@type":"ReadAction","target":["https:\/\/www.pavilon-ricany.cz\/en\/shortly-hotel\/"]}]},{"@type":"BreadcrumbList","@id":"https:\/\/www.pavilon-ricany.cz\/en\/shortly-hotel\/#breadcrumb","itemListElement":[{"@type":"ListItem","position":1,"name":"Dom\u016f","item":"https:\/\/www.pavilon-ricany.cz\/"},{"@type":"ListItem","position":2,"name":"Shortly about hotel"}]}]}},"_links":{"self":[{"href":"https:\/\/www.pavilon-ricany.cz\/en\/wp-json\/wp\/v2\/pages\/119\/"}],"collection":[{"href":"https:\/\/www.pavilon-ricany.cz\/en\/wp-json\/wp\/v2\/pages\/"}],"about":[{"href":"https:\/\/www.pavilon-ricany.cz\/en\/wp-json\/wp\/v2\/types\/page\/"}],"author":[{"embeddable":true,"href":"https:\/\/www.pavilon-ricany.cz\/en\/wp-json\/wp\/v2\/users\/3\/"}],"replies":[{"embeddable":true,"href":"https:\/\/www.pavilon-ricany.cz\/en\/wp-json\/wp\/v2\/comments\/?post=119"}],"version-history":[{"count":10,"href":"https:\/\/www.pavilon-ricany.cz\/en\/wp-json\/wp\/v2\/pages\/119\/revisions\/"}],"predecessor-version":[{"id":2703,"href":"https:\/\/www.pavilon-ricany.cz\/en\/wp-json\/wp\/v2\/pages\/119\/revisions\/2703\/"}],"wp:attachment":[{"href":"https:\/\/www.pavilon-ricany.cz\/en\/wp-json\/wp\/v2\/media\/?parent=119"}],"curies":[{"name":"wp","href":"https:\/\/api.w.org\/{rel}","templated":true}]}}