{"id":33,"date":"2015-01-18T20:03:30","date_gmt":"2015-01-18T19:03:30","guid":{"rendered":"http:\/\/www.pavilon-ricany.cz\/\/?page_id=33"},"modified":"2015-03-04T08:12:03","modified_gmt":"2015-03-04T07:12:03","slug":"sport-and-wellness","status":"publish","type":"page","link":"https:\/\/www.pavilon-ricany.cz\/en\/sport-and-wellness\/","title":{"rendered":"Sport and Wellness"},"content":{"rendered":"<h2>What activities do we offer?<\/h2>\n<p>Lots of sport-related activities throughout the year.\u00a0On site we have two squash courts, pool and foosball tables. Tennis courts and golf course are in the close vicinity.<\/p>\n","protected":false},"excerpt":{"rendered":"<p>What activities do we offer? Lots of sport-related activities throughout the year.\u00a0On site we have two squash courts, pool and foosball tables. Tennis courts and golf course are in the close vicinity.<\/p>\n","protected":false},"author":3,"featured_media":90,"parent":0,"menu_order":24,"comment_status":"closed","ping_status":"closed","template":"sport-a-wellness.php","meta":[],"yoast_head":"<!-- This site is optimized with the Yoast SEO plugin v19.3 - https:\/\/yoast.com\/wordpress\/plugins\/seo\/ -->\n<title>Sport and Wellness - Hotel Pavilon \u0158\u00ed\u010dany<\/title>\n<meta name=\"robots\" content=\"index, follow, max-snippet:-1, max-image-preview:large, max-video-preview:-1\" \/>\n<link rel=\"canonical\" href=\"https:\/\/www.pavilon-ricany.cz\/en\/sport-and-wellness\/\" \/>\n<meta property=\"og:locale\" content=\"en_US\" \/>\n<meta property=\"og:type\" content=\"article\" \/>\n<meta property=\"og:title\" content=\"Sport and Wellness - Hotel Pavilon \u0158\u00ed\u010dany\" \/>\n<meta property=\"og:description\" content=\"What activities do we offer? Lots of sport-related activities throughout the year.\u00a0On site we have two squash courts, pool and foosball tables. Tennis courts and golf course are in the close vicinity.\" \/>\n<meta property=\"og:url\" content=\"https:\/\/www.pavilon-ricany.cz\/en\/sport-and-wellness\/\" \/>\n<meta property=\"og:site_name\" content=\"Hotel Pavilon \u0158\u00ed\u010dany\" \/>\n<meta property=\"article:modified_time\" content=\"2015-03-04T07:12:03+00:00\" \/>\n<meta property=\"og:image\" content=\"https:\/\/www.pavilon-ricany.cz\/wp-content\/uploads\/2015\/01\/header-sport.jpg\" \/>\n\t<meta property=\"og:image:width\" content=\"810\" \/>\n\t<meta property=\"og:image:height\" content=\"149\" \/>\n\t<meta property=\"og:image:type\" content=\"image\/jpeg\" \/>\n<script type=\"application\/ld+json\" class=\"yoast-schema-graph\">{\"@context\":\"https:\/\/schema.org\",\"@graph\":[{\"@type\":\"WebSite\",\"@id\":\"https:\/\/www.pavilon-ricany.cz\/#website\",\"url\":\"https:\/\/www.pavilon-ricany.cz\/\",\"name\":\"Hotel Pavilon \u0158\u00ed\u010dany\",\"description\":\"Ubytov\u00e1n\u00ed, restaurace, wellness\",\"potentialAction\":[{\"@type\":\"SearchAction\",\"target\":{\"@type\":\"EntryPoint\",\"urlTemplate\":\"https:\/\/www.pavilon-ricany.cz\/?s={search_term_string}\"},\"query-input\":\"required name=search_term_string\"}],\"inLanguage\":\"en-US\"},{\"@type\":\"ImageObject\",\"inLanguage\":\"en-US\",\"@id\":\"https:\/\/www.pavilon-ricany.cz\/en\/sport-and-wellness\/#primaryimage\",\"url\":\"https:\/\/www.pavilon-ricany.cz\/wp-content\/uploads\/2015\/01\/header-sport.jpg\",\"contentUrl\":\"https:\/\/www.pavilon-ricany.cz\/wp-content\/uploads\/2015\/01\/header-sport.jpg\",\"width\":810,\"height\":149},{\"@type\":\"WebPage\",\"@id\":\"https:\/\/www.pavilon-ricany.cz\/en\/sport-and-wellness\/\",\"url\":\"https:\/\/www.pavilon-ricany.cz\/en\/sport-and-wellness\/\",\"name\":\"Sport and Wellness - Hotel Pavilon \u0158\u00ed\u010dany\",\"isPartOf\":{\"@id\":\"https:\/\/www.pavilon-ricany.cz\/#website\"},\"primaryImageOfPage\":{\"@id\":\"https:\/\/www.pavilon-ricany.cz\/en\/sport-and-wellness\/#primaryimage\"},\"datePublished\":\"2015-01-18T19:03:30+00:00\",\"dateModified\":\"2015-03-04T07:12:03+00:00\",\"breadcrumb\":{\"@id\":\"https:\/\/www.pavilon-ricany.cz\/en\/sport-and-wellness\/#breadcrumb\"},\"inLanguage\":\"en-US\",\"potentialAction\":[{\"@type\":\"ReadAction\",\"target\":[\"https:\/\/www.pavilon-ricany.cz\/en\/sport-and-wellness\/\"]}]},{\"@type\":\"BreadcrumbList\",\"@id\":\"https:\/\/www.pavilon-ricany.cz\/en\/sport-and-wellness\/#breadcrumb\",\"itemListElement\":[{\"@type\":\"ListItem\",\"position\":1,\"name\":\"Dom\u016f\",\"item\":\"https:\/\/www.pavilon-ricany.cz\/\"},{\"@type\":\"ListItem\",\"position\":2,\"name\":\"Sport and Wellness\"}]}]}<\/script>\n<!-- \/ Yoast SEO plugin. -->","yoast_head_json":{"title":"Sport and Wellness - Hotel Pavilon \u0158\u00ed\u010dany","robots":{"index":"index","follow":"follow","max-snippet":"max-snippet:-1","max-image-preview":"max-image-preview:large","max-video-preview":"max-video-preview:-1"},"canonical":"https:\/\/www.pavilon-ricany.cz\/en\/sport-and-wellness\/","og_locale":"en_US","og_type":"article","og_title":"Sport and Wellness - Hotel Pavilon \u0158\u00ed\u010dany","og_description":"What activities do we offer? Lots of sport-related activities throughout the year.\u00a0On site we have two squash courts, pool and foosball tables. Tennis courts and golf course are in the close vicinity.","og_url":"https:\/\/www.pavilon-ricany.cz\/en\/sport-and-wellness\/","og_site_name":"Hotel Pavilon \u0158\u00ed\u010dany","article_modified_time":"2015-03-04T07:12:03+00:00","og_image":[{"width":810,"height":149,"url":"https:\/\/www.pavilon-ricany.cz\/wp-content\/uploads\/2015\/01\/header-sport.jpg","type":"image\/jpeg"}],"schema":{"@context":"https:\/\/schema.org","@graph":[{"@type":"WebSite","@id":"https:\/\/www.pavilon-ricany.cz\/#website","url":"https:\/\/www.pavilon-ricany.cz\/","name":"Hotel Pavilon \u0158\u00ed\u010dany","description":"Ubytov\u00e1n\u00ed, restaurace, wellness","potentialAction":[{"@type":"SearchAction","target":{"@type":"EntryPoint","urlTemplate":"https:\/\/www.pavilon-ricany.cz\/?s={search_term_string}"},"query-input":"required name=search_term_string"}],"inLanguage":"en-US"},{"@type":"ImageObject","inLanguage":"en-US","@id":"https:\/\/www.pavilon-ricany.cz\/en\/sport-and-wellness\/#primaryimage","url":"https:\/\/www.pavilon-ricany.cz\/wp-content\/uploads\/2015\/01\/header-sport.jpg","contentUrl":"https:\/\/www.pavilon-ricany.cz\/wp-content\/uploads\/2015\/01\/header-sport.jpg","width":810,"height":149},{"@type":"WebPage","@id":"https:\/\/www.pavilon-ricany.cz\/en\/sport-and-wellness\/","url":"https:\/\/www.pavilon-ricany.cz\/en\/sport-and-wellness\/","name":"Sport and Wellness - Hotel Pavilon \u0158\u00ed\u010dany","isPartOf":{"@id":"https:\/\/www.pavilon-ricany.cz\/#website"},"primaryImageOfPage":{"@id":"https:\/\/www.pavilon-ricany.cz\/en\/sport-and-wellness\/#primaryimage"},"datePublished":"2015-01-18T19:03:30+00:00","dateModified":"2015-03-04T07:12:03+00:00","breadcrumb":{"@id":"https:\/\/www.pavilon-ricany.cz\/en\/sport-and-wellness\/#breadcrumb"},"inLanguage":"en-US","potentialAction":[{"@type":"ReadAction","target":["https:\/\/www.pavilon-ricany.cz\/en\/sport-and-wellness\/"]}]},{"@type":"BreadcrumbList","@id":"https:\/\/www.pavilon-ricany.cz\/en\/sport-and-wellness\/#breadcrumb","itemListElement":[{"@type":"ListItem","position":1,"name":"Dom\u016f","item":"https:\/\/www.pavilon-ricany.cz\/"},{"@type":"ListItem","position":2,"name":"Sport and Wellness"}]}]}},"_links":{"self":[{"href":"https:\/\/www.pavilon-ricany.cz\/en\/wp-json\/wp\/v2\/pages\/33\/"}],"collection":[{"href":"https:\/\/www.pavilon-ricany.cz\/en\/wp-json\/wp\/v2\/pages\/"}],"about":[{"href":"https:\/\/www.pavilon-ricany.cz\/en\/wp-json\/wp\/v2\/types\/page\/"}],"author":[{"embeddable":true,"href":"https:\/\/www.pavilon-ricany.cz\/en\/wp-json\/wp\/v2\/users\/3\/"}],"replies":[{"embeddable":true,"href":"https:\/\/www.pavilon-ricany.cz\/en\/wp-json\/wp\/v2\/comments\/?post=33"}],"version-history":[{"count":5,"href":"https:\/\/www.pavilon-ricany.cz\/en\/wp-json\/wp\/v2\/pages\/33\/revisions\/"}],"predecessor-version":[{"id":402,"href":"https:\/\/www.pavilon-ricany.cz\/en\/wp-json\/wp\/v2\/pages\/33\/revisions\/402\/"}],"wp:featuredmedia":[{"embeddable":true,"href":"https:\/\/www.pavilon-ricany.cz\/en\/wp-json\/wp\/v2\/media\/90\/"}],"wp:attachment":[{"href":"https:\/\/www.pavilon-ricany.cz\/en\/wp-json\/wp\/v2\/media\/?parent=33"}],"curies":[{"name":"wp","href":"https:\/\/api.w.org\/{rel}","templated":true}]}}