{"id":369,"date":"2015-03-03T13:15:29","date_gmt":"2015-03-03T12:15:29","guid":{"rendered":"http:\/\/www.pavilon-ricany.cz\/?page_id=369"},"modified":"2026-04-07T12:29:35","modified_gmt":"2026-04-07T11:29:35","slug":"squash","status":"publish","type":"page","link":"https:\/\/www.pavilon-ricany.cz\/en\/sport-and-wellness\/squash\/","title":{"rendered":"Squash"},"content":{"rendered":"<p>Let&#8217;s play a squash on our two air conditioned courts. You can buy a squash ball and rent a squash bat at our reception.<\/p>\n<p><strong>Squash is opened daily from 09:00 to 21:00.<\/strong><\/p>\n<h3>Price list<\/h3>\n<ul class=\"pricelist\">\n<li><span class=\"name\">Mo &#8211; Fri &gt; 8:00 &#8211; 16:00<\/span><span class=\"price\">300 Czk \/ hour<\/span><\/li>\n<li><span class=\"name\">Racket rental <\/span><span class=\"price\">80 Czk \/ 1 pc \/ hour<\/span><\/li>\n<li><span class=\"name\">Squash ball <\/span><span class=\"price\">90 Czk \/ 1 pc<\/span><\/li>\n<li><span class=\"name\">Towel <\/span><span class=\"price\">30 Czk \/ 1 pc<\/span><\/li>\n<\/ul>\n","protected":false},"excerpt":{"rendered":"<p>Let&#8217;s play a squash on our two air conditioned courts. You can buy a squash ball and rent a squash bat at our reception. Squash is opened daily from 09:00 to 21:00. Price list<\/p>\n","protected":false},"author":3,"featured_media":0,"parent":33,"menu_order":21,"comment_status":"closed","ping_status":"closed","template":"","meta":[],"yoast_head":"<!-- This site is optimized with the Yoast SEO plugin v19.3 - https:\/\/yoast.com\/wordpress\/plugins\/seo\/ -->\n<title>Squash - Hotel Pavilon \u0158\u00ed\u010dany<\/title>\n<meta name=\"robots\" content=\"index, follow, max-snippet:-1, max-image-preview:large, max-video-preview:-1\" \/>\n<link rel=\"canonical\" href=\"https:\/\/www.pavilon-ricany.cz\/en\/sport-and-wellness\/squash\/\" \/>\n<meta property=\"og:locale\" content=\"en_US\" \/>\n<meta property=\"og:type\" content=\"article\" \/>\n<meta property=\"og:title\" content=\"Squash - Hotel Pavilon \u0158\u00ed\u010dany\" \/>\n<meta property=\"og:description\" content=\"Let&#8217;s play a squash on our two air conditioned courts. You can buy a squash ball and rent a squash bat at our reception. Squash is opened daily from 09:00 to 21:00. Price list\" \/>\n<meta property=\"og:url\" content=\"https:\/\/www.pavilon-ricany.cz\/en\/sport-and-wellness\/squash\/\" \/>\n<meta property=\"og:site_name\" content=\"Hotel Pavilon \u0158\u00ed\u010dany\" \/>\n<meta property=\"article:modified_time\" content=\"2026-04-07T11:29:35+00:00\" \/>\n<meta name=\"twitter:label1\" content=\"Est. reading time\" \/>\n\t<meta name=\"twitter:data1\" content=\"1 minute\" \/>\n<script type=\"application\/ld+json\" class=\"yoast-schema-graph\">{\"@context\":\"https:\/\/schema.org\",\"@graph\":[{\"@type\":\"WebSite\",\"@id\":\"https:\/\/www.pavilon-ricany.cz\/#website\",\"url\":\"https:\/\/www.pavilon-ricany.cz\/\",\"name\":\"Hotel Pavilon \u0158\u00ed\u010dany\",\"description\":\"Ubytov\u00e1n\u00ed, restaurace, wellness\",\"potentialAction\":[{\"@type\":\"SearchAction\",\"target\":{\"@type\":\"EntryPoint\",\"urlTemplate\":\"https:\/\/www.pavilon-ricany.cz\/?s={search_term_string}\"},\"query-input\":\"required name=search_term_string\"}],\"inLanguage\":\"en-US\"},{\"@type\":\"WebPage\",\"@id\":\"https:\/\/www.pavilon-ricany.cz\/en\/sport-and-wellness\/squash\/\",\"url\":\"https:\/\/www.pavilon-ricany.cz\/en\/sport-and-wellness\/squash\/\",\"name\":\"Squash - Hotel Pavilon \u0158\u00ed\u010dany\",\"isPartOf\":{\"@id\":\"https:\/\/www.pavilon-ricany.cz\/#website\"},\"datePublished\":\"2015-03-03T12:15:29+00:00\",\"dateModified\":\"2026-04-07T11:29:35+00:00\",\"breadcrumb\":{\"@id\":\"https:\/\/www.pavilon-ricany.cz\/en\/sport-and-wellness\/squash\/#breadcrumb\"},\"inLanguage\":\"en-US\",\"potentialAction\":[{\"@type\":\"ReadAction\",\"target\":[\"https:\/\/www.pavilon-ricany.cz\/en\/sport-and-wellness\/squash\/\"]}]},{\"@type\":\"BreadcrumbList\",\"@id\":\"https:\/\/www.pavilon-ricany.cz\/en\/sport-and-wellness\/squash\/#breadcrumb\",\"itemListElement\":[{\"@type\":\"ListItem\",\"position\":1,\"name\":\"Dom\u016f\",\"item\":\"https:\/\/www.pavilon-ricany.cz\/\"},{\"@type\":\"ListItem\",\"position\":2,\"name\":\"Sport and Wellness\",\"item\":\"https:\/\/www.pavilon-ricany.cz\/en\/sport-and-wellness\/\"},{\"@type\":\"ListItem\",\"position\":3,\"name\":\"Squash\"}]}]}<\/script>\n<!-- \/ Yoast SEO plugin. -->","yoast_head_json":{"title":"Squash - Hotel Pavilon \u0158\u00ed\u010dany","robots":{"index":"index","follow":"follow","max-snippet":"max-snippet:-1","max-image-preview":"max-image-preview:large","max-video-preview":"max-video-preview:-1"},"canonical":"https:\/\/www.pavilon-ricany.cz\/en\/sport-and-wellness\/squash\/","og_locale":"en_US","og_type":"article","og_title":"Squash - Hotel Pavilon \u0158\u00ed\u010dany","og_description":"Let&#8217;s play a squash on our two air conditioned courts. You can buy a squash ball and rent a squash bat at our reception. Squash is opened daily from 09:00 to 21:00. Price list","og_url":"https:\/\/www.pavilon-ricany.cz\/en\/sport-and-wellness\/squash\/","og_site_name":"Hotel Pavilon \u0158\u00ed\u010dany","article_modified_time":"2026-04-07T11:29:35+00:00","twitter_misc":{"Est. reading time":"1 minute"},"schema":{"@context":"https:\/\/schema.org","@graph":[{"@type":"WebSite","@id":"https:\/\/www.pavilon-ricany.cz\/#website","url":"https:\/\/www.pavilon-ricany.cz\/","name":"Hotel Pavilon \u0158\u00ed\u010dany","description":"Ubytov\u00e1n\u00ed, restaurace, wellness","potentialAction":[{"@type":"SearchAction","target":{"@type":"EntryPoint","urlTemplate":"https:\/\/www.pavilon-ricany.cz\/?s={search_term_string}"},"query-input":"required name=search_term_string"}],"inLanguage":"en-US"},{"@type":"WebPage","@id":"https:\/\/www.pavilon-ricany.cz\/en\/sport-and-wellness\/squash\/","url":"https:\/\/www.pavilon-ricany.cz\/en\/sport-and-wellness\/squash\/","name":"Squash - Hotel Pavilon \u0158\u00ed\u010dany","isPartOf":{"@id":"https:\/\/www.pavilon-ricany.cz\/#website"},"datePublished":"2015-03-03T12:15:29+00:00","dateModified":"2026-04-07T11:29:35+00:00","breadcrumb":{"@id":"https:\/\/www.pavilon-ricany.cz\/en\/sport-and-wellness\/squash\/#breadcrumb"},"inLanguage":"en-US","potentialAction":[{"@type":"ReadAction","target":["https:\/\/www.pavilon-ricany.cz\/en\/sport-and-wellness\/squash\/"]}]},{"@type":"BreadcrumbList","@id":"https:\/\/www.pavilon-ricany.cz\/en\/sport-and-wellness\/squash\/#breadcrumb","itemListElement":[{"@type":"ListItem","position":1,"name":"Dom\u016f","item":"https:\/\/www.pavilon-ricany.cz\/"},{"@type":"ListItem","position":2,"name":"Sport and Wellness","item":"https:\/\/www.pavilon-ricany.cz\/en\/sport-and-wellness\/"},{"@type":"ListItem","position":3,"name":"Squash"}]}]}},"_links":{"self":[{"href":"https:\/\/www.pavilon-ricany.cz\/en\/wp-json\/wp\/v2\/pages\/369\/"}],"collection":[{"href":"https:\/\/www.pavilon-ricany.cz\/en\/wp-json\/wp\/v2\/pages\/"}],"about":[{"href":"https:\/\/www.pavilon-ricany.cz\/en\/wp-json\/wp\/v2\/types\/page\/"}],"author":[{"embeddable":true,"href":"https:\/\/www.pavilon-ricany.cz\/en\/wp-json\/wp\/v2\/users\/3\/"}],"replies":[{"embeddable":true,"href":"https:\/\/www.pavilon-ricany.cz\/en\/wp-json\/wp\/v2\/comments\/?post=369"}],"version-history":[{"count":5,"href":"https:\/\/www.pavilon-ricany.cz\/en\/wp-json\/wp\/v2\/pages\/369\/revisions\/"}],"predecessor-version":[{"id":2932,"href":"https:\/\/www.pavilon-ricany.cz\/en\/wp-json\/wp\/v2\/pages\/369\/revisions\/2932\/"}],"up":[{"embeddable":true,"href":"https:\/\/www.pavilon-ricany.cz\/en\/wp-json\/wp\/v2\/pages\/33\/"}],"wp:attachment":[{"href":"https:\/\/www.pavilon-ricany.cz\/en\/wp-json\/wp\/v2\/media\/?parent=369"}],"curies":[{"name":"wp","href":"https:\/\/api.w.org\/{rel}","templated":true}]}}