{"id":397,"date":"2015-03-03T14:57:42","date_gmt":"2015-03-03T13:57:42","guid":{"rendered":"http:\/\/www.pavilon-ricany.cz\/?page_id=397"},"modified":"2026-04-07T12:19:49","modified_gmt":"2026-04-07T11:19:49","slug":"acommodation","status":"publish","type":"page","link":"https:\/\/www.pavilon-ricany.cz\/en\/acommodation\/","title":{"rendered":"Acommodation"},"content":{"rendered":"<h2>Where will you stay?<\/h2>\n<p>We offer acommodation in single or double-bedded rooms with a possibility of adding extra beds\u00a0or in our luxurious appartments in a separete building\u00a0\u2013 altogether 58 beds are avaliable. We have an\u00a0adjacent closed parking lot for our guests.<\/p>\n<h2>Room equipment<\/h2>\n<p>All rooms are equipped with a bathroom containing a shower or a bathtub, toilet, TV with a satelite receiver, telephone, internet acces point and beds with superb matress made by MAGNIFLEX. One double room with taller beds and specially equipped bathroom and toilet is ready for physically challenged guests. Our<a class=\"n7U6N7g5 \" title=\"Click to Continue &gt; by Advertise\" href=\"#68012609\"> single rooms<img src=\"http:\/\/cdncache-a.akamaihd.net\/items\/it\/img\/arrow-10x10.png\" alt=\"\" \/><\/a> feature atypical beds for tall persons. Six appartments in a separe building with high standard equipment are 60m2 flats \u00a0(bedroom, bathroom\u00a0and accessories). Longer stays<em>\u00a0(one month and more) are greatly discounted. <\/em>\u00a0<strong>Take your pet with you\u00a0-dogs are welcomed at our<a class=\"n7U6N7g5 \" title=\"Click to Continue &gt; by Advertise\" href=\"http:\/\/s.igmhb.com\/click?v=Q1o6ODUxOTU6ODAwNjpob3RlbDowMDhkZTJiNTExZjI0NjAzOGQ1Y2VlMTBmOWNiYjYwNzp6LTI0NDktODc4MjA3MDA6d3d3LnBhdmlsb24tcmljYW55LmN6OjMzMDgyMzowOmNlNmVhOTZmNDRhNDQ0ODM4NWRlNTdhZTk5YTJmMDliOjE6ZGF0YV9zcywxMDQweDE5MjA7ZGF0YV9yYywxO2RhdGFfZmIsbm87OjQ0MjEwODY6dndvcHQsMQ&amp;subid=g-87820700-c13d8eda360d48988103360eb182a86c-&amp;data_ss=1040x1920&amp;data_rc=1&amp;data_fb=no&amp;data_tagname=A&amp;data_ct=link_only&amp;data_clickel=link\" target=\"a652c_1460120636_wwwpavilonricanycz_330823\" rel=\"noopener noreferrer\"> hotel<img src=\"http:\/\/cdncache-a.akamaihd.net\/items\/it\/img\/arrow-10x10.png\" alt=\"\" \/><\/a>!<\/strong><\/p>\n<h3>Acommodation price list (VAT included)<\/h3>\n<table>\n<thead>\n<tr>\n<td><a class=\"n7U6N7g5 \" title=\"Click to Continue &gt; by Advertise\" href=\"#77400401\"> Room type<img src=\"http:\/\/cdncache-a.akamaihd.net\/items\/it\/img\/arrow-10x10.png\" alt=\"\" \/><\/a><\/td>\n<td>Monday\u00a0&#8211;\u00a0Sunday<\/td>\n<\/tr>\n<\/thead>\n<tbody>\n<tr>\n<td>Single<\/td>\n<td>1980 Czk<\/td>\n<\/tr>\n<tr>\n<td>Double<\/td>\n<td>2680 Czk<\/td>\n<\/tr>\n<tr>\n<td>Appartment &#8211; 1 person<\/td>\n<td>2780 Czk<\/td>\n<\/tr>\n<tr>\n<td>Appartment &#8211; 2\u00a0persons<\/td>\n<td>3480 Czk<\/td>\n<\/tr>\n<tr>\n<td>Extra bed<\/td>\n<td>600 Czk<\/td>\n<\/tr>\n<tr>\n<td><\/td>\n<td><\/td>\n<\/tr>\n<\/tbody>\n<\/table>\n<p>&nbsp;<\/p>\n","protected":false},"excerpt":{"rendered":"<p>Where will you stay? We offer acommodation in single or double-bedded rooms with a possibility of adding extra beds\u00a0or in our luxurious appartments in a separete building\u00a0\u2013 altogether 58 beds are avaliable. We have an\u00a0adjacent closed parking lot for our guests. Room equipment All rooms are equipped with a bathroom containing a shower or a [&hellip;]<\/p>\n","protected":false},"author":3,"featured_media":0,"parent":0,"menu_order":37,"comment_status":"closed","ping_status":"closed","template":"","meta":[],"yoast_head":"<!-- This site is optimized with the Yoast SEO plugin v19.3 - https:\/\/yoast.com\/wordpress\/plugins\/seo\/ -->\n<title>Acommodation - Hotel Pavilon \u0158\u00ed\u010dany<\/title>\n<meta name=\"robots\" content=\"index, follow, max-snippet:-1, max-image-preview:large, max-video-preview:-1\" \/>\n<link rel=\"canonical\" href=\"https:\/\/www.pavilon-ricany.cz\/en\/acommodation\/\" \/>\n<meta property=\"og:locale\" content=\"en_US\" \/>\n<meta property=\"og:type\" content=\"article\" \/>\n<meta property=\"og:title\" content=\"Acommodation - Hotel Pavilon \u0158\u00ed\u010dany\" \/>\n<meta property=\"og:description\" content=\"Where will you stay? We offer acommodation in single or double-bedded rooms with a possibility of adding extra beds\u00a0or in our luxurious appartments in a separete building\u00a0\u2013 altogether 58 beds are avaliable. We have an\u00a0adjacent closed parking lot for our guests. Room equipment All rooms are equipped with a bathroom containing a shower or a [&hellip;]\" \/>\n<meta property=\"og:url\" content=\"https:\/\/www.pavilon-ricany.cz\/en\/acommodation\/\" \/>\n<meta property=\"og:site_name\" content=\"Hotel Pavilon \u0158\u00ed\u010dany\" \/>\n<meta property=\"article:modified_time\" content=\"2026-04-07T11:19:49+00:00\" \/>\n<meta property=\"og:image\" content=\"http:\/\/cdncache-a.akamaihd.net\/items\/it\/img\/arrow-10x10.png\" \/>\n<meta name=\"twitter:label1\" content=\"Est. reading time\" \/>\n\t<meta name=\"twitter:data1\" content=\"2 minutes\" \/>\n<script type=\"application\/ld+json\" class=\"yoast-schema-graph\">{\"@context\":\"https:\/\/schema.org\",\"@graph\":[{\"@type\":\"WebSite\",\"@id\":\"https:\/\/www.pavilon-ricany.cz\/#website\",\"url\":\"https:\/\/www.pavilon-ricany.cz\/\",\"name\":\"Hotel Pavilon \u0158\u00ed\u010dany\",\"description\":\"Ubytov\u00e1n\u00ed, restaurace, wellness\",\"potentialAction\":[{\"@type\":\"SearchAction\",\"target\":{\"@type\":\"EntryPoint\",\"urlTemplate\":\"https:\/\/www.pavilon-ricany.cz\/?s={search_term_string}\"},\"query-input\":\"required name=search_term_string\"}],\"inLanguage\":\"en-US\"},{\"@type\":\"ImageObject\",\"inLanguage\":\"en-US\",\"@id\":\"https:\/\/www.pavilon-ricany.cz\/en\/acommodation\/#primaryimage\",\"url\":\"http:\/\/cdncache-a.akamaihd.net\/items\/it\/img\/arrow-10x10.png\",\"contentUrl\":\"http:\/\/cdncache-a.akamaihd.net\/items\/it\/img\/arrow-10x10.png\"},{\"@type\":\"WebPage\",\"@id\":\"https:\/\/www.pavilon-ricany.cz\/en\/acommodation\/\",\"url\":\"https:\/\/www.pavilon-ricany.cz\/en\/acommodation\/\",\"name\":\"Acommodation - Hotel Pavilon \u0158\u00ed\u010dany\",\"isPartOf\":{\"@id\":\"https:\/\/www.pavilon-ricany.cz\/#website\"},\"primaryImageOfPage\":{\"@id\":\"https:\/\/www.pavilon-ricany.cz\/en\/acommodation\/#primaryimage\"},\"datePublished\":\"2015-03-03T13:57:42+00:00\",\"dateModified\":\"2026-04-07T11:19:49+00:00\",\"breadcrumb\":{\"@id\":\"https:\/\/www.pavilon-ricany.cz\/en\/acommodation\/#breadcrumb\"},\"inLanguage\":\"en-US\",\"potentialAction\":[{\"@type\":\"ReadAction\",\"target\":[\"https:\/\/www.pavilon-ricany.cz\/en\/acommodation\/\"]}]},{\"@type\":\"BreadcrumbList\",\"@id\":\"https:\/\/www.pavilon-ricany.cz\/en\/acommodation\/#breadcrumb\",\"itemListElement\":[{\"@type\":\"ListItem\",\"position\":1,\"name\":\"Dom\u016f\",\"item\":\"https:\/\/www.pavilon-ricany.cz\/\"},{\"@type\":\"ListItem\",\"position\":2,\"name\":\"Acommodation\"}]}]}<\/script>\n<!-- \/ Yoast SEO plugin. -->","yoast_head_json":{"title":"Acommodation - Hotel Pavilon \u0158\u00ed\u010dany","robots":{"index":"index","follow":"follow","max-snippet":"max-snippet:-1","max-image-preview":"max-image-preview:large","max-video-preview":"max-video-preview:-1"},"canonical":"https:\/\/www.pavilon-ricany.cz\/en\/acommodation\/","og_locale":"en_US","og_type":"article","og_title":"Acommodation - Hotel Pavilon \u0158\u00ed\u010dany","og_description":"Where will you stay? We offer acommodation in single or double-bedded rooms with a possibility of adding extra beds\u00a0or in our luxurious appartments in a separete building\u00a0\u2013 altogether 58 beds are avaliable. We have an\u00a0adjacent closed parking lot for our guests. Room equipment All rooms are equipped with a bathroom containing a shower or a [&hellip;]","og_url":"https:\/\/www.pavilon-ricany.cz\/en\/acommodation\/","og_site_name":"Hotel Pavilon \u0158\u00ed\u010dany","article_modified_time":"2026-04-07T11:19:49+00:00","og_image":[{"url":"http:\/\/cdncache-a.akamaihd.net\/items\/it\/img\/arrow-10x10.png"}],"twitter_misc":{"Est. reading time":"2 minutes"},"schema":{"@context":"https:\/\/schema.org","@graph":[{"@type":"WebSite","@id":"https:\/\/www.pavilon-ricany.cz\/#website","url":"https:\/\/www.pavilon-ricany.cz\/","name":"Hotel Pavilon \u0158\u00ed\u010dany","description":"Ubytov\u00e1n\u00ed, restaurace, wellness","potentialAction":[{"@type":"SearchAction","target":{"@type":"EntryPoint","urlTemplate":"https:\/\/www.pavilon-ricany.cz\/?s={search_term_string}"},"query-input":"required name=search_term_string"}],"inLanguage":"en-US"},{"@type":"ImageObject","inLanguage":"en-US","@id":"https:\/\/www.pavilon-ricany.cz\/en\/acommodation\/#primaryimage","url":"http:\/\/cdncache-a.akamaihd.net\/items\/it\/img\/arrow-10x10.png","contentUrl":"http:\/\/cdncache-a.akamaihd.net\/items\/it\/img\/arrow-10x10.png"},{"@type":"WebPage","@id":"https:\/\/www.pavilon-ricany.cz\/en\/acommodation\/","url":"https:\/\/www.pavilon-ricany.cz\/en\/acommodation\/","name":"Acommodation - Hotel Pavilon \u0158\u00ed\u010dany","isPartOf":{"@id":"https:\/\/www.pavilon-ricany.cz\/#website"},"primaryImageOfPage":{"@id":"https:\/\/www.pavilon-ricany.cz\/en\/acommodation\/#primaryimage"},"datePublished":"2015-03-03T13:57:42+00:00","dateModified":"2026-04-07T11:19:49+00:00","breadcrumb":{"@id":"https:\/\/www.pavilon-ricany.cz\/en\/acommodation\/#breadcrumb"},"inLanguage":"en-US","potentialAction":[{"@type":"ReadAction","target":["https:\/\/www.pavilon-ricany.cz\/en\/acommodation\/"]}]},{"@type":"BreadcrumbList","@id":"https:\/\/www.pavilon-ricany.cz\/en\/acommodation\/#breadcrumb","itemListElement":[{"@type":"ListItem","position":1,"name":"Dom\u016f","item":"https:\/\/www.pavilon-ricany.cz\/"},{"@type":"ListItem","position":2,"name":"Acommodation"}]}]}},"_links":{"self":[{"href":"https:\/\/www.pavilon-ricany.cz\/en\/wp-json\/wp\/v2\/pages\/397\/"}],"collection":[{"href":"https:\/\/www.pavilon-ricany.cz\/en\/wp-json\/wp\/v2\/pages\/"}],"about":[{"href":"https:\/\/www.pavilon-ricany.cz\/en\/wp-json\/wp\/v2\/types\/page\/"}],"author":[{"embeddable":true,"href":"https:\/\/www.pavilon-ricany.cz\/en\/wp-json\/wp\/v2\/users\/3\/"}],"replies":[{"embeddable":true,"href":"https:\/\/www.pavilon-ricany.cz\/en\/wp-json\/wp\/v2\/comments\/?post=397"}],"version-history":[{"count":11,"href":"https:\/\/www.pavilon-ricany.cz\/en\/wp-json\/wp\/v2\/pages\/397\/revisions\/"}],"predecessor-version":[{"id":2926,"href":"https:\/\/www.pavilon-ricany.cz\/en\/wp-json\/wp\/v2\/pages\/397\/revisions\/2926\/"}],"wp:attachment":[{"href":"https:\/\/www.pavilon-ricany.cz\/en\/wp-json\/wp\/v2\/media\/?parent=397"}],"curies":[{"name":"wp","href":"https:\/\/api.w.org\/{rel}","templated":true}]}}