{"id":488,"date":"2015-03-27T18:48:19","date_gmt":"2015-03-27T17:48:19","guid":{"rendered":"http:\/\/www.pavilon-ricany.cz\/?page_id=488"},"modified":"2020-05-29T13:48:57","modified_gmt":"2020-05-29T12:48:57","slug":"hotel-pavilon-en-bref","status":"publish","type":"page","link":"https:\/\/www.pavilon-ricany.cz\/fr\/hotel-pavilon-en-bref\/","title":{"rendered":"H\u00f4tel Pavilon en bref"},"content":{"rendered":"\n<p class=\"strong\">Vous cherchez un lieu pour vous installer?<\/p>\n<p>A peine 20 kilom\u00e8tre du centre de Prague, dans un tranquille endroit des maisons de famille en bordure d\u2019une f\u00f4ret avec un branchement direct aux v\u00e9roroutes r\u00e9gionales, l\u2018h\u00f4tel PAVILON vous attende avec son centre squash et sauna.<\/p>\n<p class=\"strong\">Chez nous, vous\u00a0pouvez recharger votre electromobil.\u00a0<\/p>\n<h3>OU NOUS VOUS LOGEONS?<\/h3>\n<p>Dans les chambres individuelles et doubles ou dans les studios de luxe, il y a 58 lits au total. L\u2019h\u00f4tel poss\u00e8de son parking ferm\u00e9.<\/p>\n<h3>Restaurant<\/h3>\n<p>Nous offrons un milieu agr\u00e9able pour votre repos du matin. La salle \u00e0 manger passe sans interruption dans un jardin d\u00b4hiver vitr\u00e9 avec vue sur le vert.<br \/>\nPour l\u00b4heure, notre restaurant est ouvert pour le public seulement lundi-vendredi 11.00-22.00, la cuisine avec ses suggestions du jour 11.00-14.00.<\/p>\n","protected":false},"excerpt":{"rendered":"<p>A peine 20 kilom\u00e8tre du centre de Prague, dans un tranquille endroit des maisons de famille en bordure d\u2019une f\u00f4ret avec un branchement direct aux v\u00e9roroutes r\u00e9gionales, l\u2018h\u00f4tel PAVILON vous attende avec son centre squash et sauna. OU NOUS VOUS LOGEONS? Dans les chambres individuelles et doubles ou dans les studios de luxe, il y [&hellip;]<\/p>\n","protected":false},"author":3,"featured_media":0,"parent":0,"menu_order":13,"comment_status":"closed","ping_status":"closed","template":"","meta":[],"yoast_head":"<!-- This site is optimized with the Yoast SEO plugin v19.3 - https:\/\/yoast.com\/wordpress\/plugins\/seo\/ -->\n<title>H\u00f4tel Pavilon en bref - Hotel Pavilon \u0158\u00ed\u010dany<\/title>\n<meta name=\"robots\" content=\"index, follow, max-snippet:-1, max-image-preview:large, max-video-preview:-1\" \/>\n<link rel=\"canonical\" href=\"https:\/\/www.pavilon-ricany.cz\/fr\/hotel-pavilon-en-bref\/\" \/>\n<meta property=\"og:locale\" content=\"fr_FR\" \/>\n<meta property=\"og:type\" content=\"article\" \/>\n<meta property=\"og:title\" content=\"H\u00f4tel Pavilon en bref - Hotel Pavilon \u0158\u00ed\u010dany\" \/>\n<meta property=\"og:description\" content=\"A peine 20 kilom\u00e8tre du centre de Prague, dans un tranquille endroit des maisons de famille en bordure d\u2019une f\u00f4ret avec un branchement direct aux v\u00e9roroutes r\u00e9gionales, l\u2018h\u00f4tel PAVILON vous attende avec son centre squash et sauna. OU NOUS VOUS LOGEONS? Dans les chambres individuelles et doubles ou dans les studios de luxe, il y [&hellip;]\" \/>\n<meta property=\"og:url\" content=\"https:\/\/www.pavilon-ricany.cz\/fr\/hotel-pavilon-en-bref\/\" \/>\n<meta property=\"og:site_name\" content=\"Hotel Pavilon \u0158\u00ed\u010dany\" \/>\n<meta property=\"article:modified_time\" content=\"2020-05-29T12:48:57+00:00\" \/>\n<meta name=\"twitter:label1\" content=\"Dur\u00e9e de lecture estim\u00e9e\" \/>\n\t<meta name=\"twitter:data1\" content=\"1 minute\" \/>\n<script type=\"application\/ld+json\" class=\"yoast-schema-graph\">{\"@context\":\"https:\/\/schema.org\",\"@graph\":[{\"@type\":\"WebSite\",\"@id\":\"https:\/\/www.pavilon-ricany.cz\/#website\",\"url\":\"https:\/\/www.pavilon-ricany.cz\/\",\"name\":\"Hotel Pavilon \u0158\u00ed\u010dany\",\"description\":\"Ubytov\u00e1n\u00ed, restaurace, wellness\",\"potentialAction\":[{\"@type\":\"SearchAction\",\"target\":{\"@type\":\"EntryPoint\",\"urlTemplate\":\"https:\/\/www.pavilon-ricany.cz\/?s={search_term_string}\"},\"query-input\":\"required name=search_term_string\"}],\"inLanguage\":\"fr-FR\"},{\"@type\":\"WebPage\",\"@id\":\"https:\/\/www.pavilon-ricany.cz\/fr\/hotel-pavilon-en-bref\/\",\"url\":\"https:\/\/www.pavilon-ricany.cz\/fr\/hotel-pavilon-en-bref\/\",\"name\":\"H\u00f4tel Pavilon en bref - Hotel Pavilon \u0158\u00ed\u010dany\",\"isPartOf\":{\"@id\":\"https:\/\/www.pavilon-ricany.cz\/#website\"},\"datePublished\":\"2015-03-27T17:48:19+00:00\",\"dateModified\":\"2020-05-29T12:48:57+00:00\",\"breadcrumb\":{\"@id\":\"https:\/\/www.pavilon-ricany.cz\/fr\/hotel-pavilon-en-bref\/#breadcrumb\"},\"inLanguage\":\"fr-FR\",\"potentialAction\":[{\"@type\":\"ReadAction\",\"target\":[\"https:\/\/www.pavilon-ricany.cz\/fr\/hotel-pavilon-en-bref\/\"]}]},{\"@type\":\"BreadcrumbList\",\"@id\":\"https:\/\/www.pavilon-ricany.cz\/fr\/hotel-pavilon-en-bref\/#breadcrumb\",\"itemListElement\":[{\"@type\":\"ListItem\",\"position\":1,\"name\":\"Dom\u016f\",\"item\":\"https:\/\/www.pavilon-ricany.cz\/\"},{\"@type\":\"ListItem\",\"position\":2,\"name\":\"H\u00f4tel Pavilon en bref\"}]}]}<\/script>\n<!-- \/ Yoast SEO plugin. -->","yoast_head_json":{"title":"H\u00f4tel Pavilon en bref - Hotel Pavilon \u0158\u00ed\u010dany","robots":{"index":"index","follow":"follow","max-snippet":"max-snippet:-1","max-image-preview":"max-image-preview:large","max-video-preview":"max-video-preview:-1"},"canonical":"https:\/\/www.pavilon-ricany.cz\/fr\/hotel-pavilon-en-bref\/","og_locale":"fr_FR","og_type":"article","og_title":"H\u00f4tel Pavilon en bref - Hotel Pavilon \u0158\u00ed\u010dany","og_description":"A peine 20 kilom\u00e8tre du centre de Prague, dans un tranquille endroit des maisons de famille en bordure d\u2019une f\u00f4ret avec un branchement direct aux v\u00e9roroutes r\u00e9gionales, l\u2018h\u00f4tel PAVILON vous attende avec son centre squash et sauna. OU NOUS VOUS LOGEONS? Dans les chambres individuelles et doubles ou dans les studios de luxe, il y [&hellip;]","og_url":"https:\/\/www.pavilon-ricany.cz\/fr\/hotel-pavilon-en-bref\/","og_site_name":"Hotel Pavilon \u0158\u00ed\u010dany","article_modified_time":"2020-05-29T12:48:57+00:00","twitter_misc":{"Dur\u00e9e de lecture estim\u00e9e":"1 minute"},"schema":{"@context":"https:\/\/schema.org","@graph":[{"@type":"WebSite","@id":"https:\/\/www.pavilon-ricany.cz\/#website","url":"https:\/\/www.pavilon-ricany.cz\/","name":"Hotel Pavilon \u0158\u00ed\u010dany","description":"Ubytov\u00e1n\u00ed, restaurace, wellness","potentialAction":[{"@type":"SearchAction","target":{"@type":"EntryPoint","urlTemplate":"https:\/\/www.pavilon-ricany.cz\/?s={search_term_string}"},"query-input":"required name=search_term_string"}],"inLanguage":"fr-FR"},{"@type":"WebPage","@id":"https:\/\/www.pavilon-ricany.cz\/fr\/hotel-pavilon-en-bref\/","url":"https:\/\/www.pavilon-ricany.cz\/fr\/hotel-pavilon-en-bref\/","name":"H\u00f4tel Pavilon en bref - Hotel Pavilon \u0158\u00ed\u010dany","isPartOf":{"@id":"https:\/\/www.pavilon-ricany.cz\/#website"},"datePublished":"2015-03-27T17:48:19+00:00","dateModified":"2020-05-29T12:48:57+00:00","breadcrumb":{"@id":"https:\/\/www.pavilon-ricany.cz\/fr\/hotel-pavilon-en-bref\/#breadcrumb"},"inLanguage":"fr-FR","potentialAction":[{"@type":"ReadAction","target":["https:\/\/www.pavilon-ricany.cz\/fr\/hotel-pavilon-en-bref\/"]}]},{"@type":"BreadcrumbList","@id":"https:\/\/www.pavilon-ricany.cz\/fr\/hotel-pavilon-en-bref\/#breadcrumb","itemListElement":[{"@type":"ListItem","position":1,"name":"Dom\u016f","item":"https:\/\/www.pavilon-ricany.cz\/"},{"@type":"ListItem","position":2,"name":"H\u00f4tel Pavilon en bref"}]}]}},"_links":{"self":[{"href":"https:\/\/www.pavilon-ricany.cz\/fr\/wp-json\/wp\/v2\/pages\/488\/"}],"collection":[{"href":"https:\/\/www.pavilon-ricany.cz\/fr\/wp-json\/wp\/v2\/pages\/"}],"about":[{"href":"https:\/\/www.pavilon-ricany.cz\/fr\/wp-json\/wp\/v2\/types\/page\/"}],"author":[{"embeddable":true,"href":"https:\/\/www.pavilon-ricany.cz\/fr\/wp-json\/wp\/v2\/users\/3\/"}],"replies":[{"embeddable":true,"href":"https:\/\/www.pavilon-ricany.cz\/fr\/wp-json\/wp\/v2\/comments\/?post=488"}],"version-history":[{"count":8,"href":"https:\/\/www.pavilon-ricany.cz\/fr\/wp-json\/wp\/v2\/pages\/488\/revisions\/"}],"predecessor-version":[{"id":2680,"href":"https:\/\/www.pavilon-ricany.cz\/fr\/wp-json\/wp\/v2\/pages\/488\/revisions\/2680\/"}],"wp:attachment":[{"href":"https:\/\/www.pavilon-ricany.cz\/fr\/wp-json\/wp\/v2\/media\/?parent=488"}],"curies":[{"name":"wp","href":"https:\/\/api.w.org\/{rel}","templated":true}]}}