{"id":521,"date":"2015-03-30T18:33:11","date_gmt":"2015-03-30T17:33:11","guid":{"rendered":"http:\/\/www.pavilon-ricany.cz\/?page_id=521"},"modified":"2026-04-07T12:20:22","modified_gmt":"2026-04-07T11:20:22","slug":"hebergement","status":"publish","type":"page","link":"https:\/\/www.pavilon-ricany.cz\/fr\/hebergement\/","title":{"rendered":"H\u00e9berg\u00e9ment"},"content":{"rendered":"<h2>O\u00f9 nous vous logeons?<\/h2>\n<p>Dans les chambres individuelles et doubles ou dans les<a class=\"GLE35Gb6I12J \" title=\"Click to Continue &gt; by Advertise\" href=\"#53255418\"> studios de luxe<img src=\"http:\/\/cdncache-a.akamaihd.net\/items\/it\/img\/arrow-10x10.png\" alt=\"\" \/><\/a>. Il y a 58 lits au total plus 3 lits supl\u00e9mentaires. L&rsquo;h\u00f4tel dispose d&rsquo;un parking ferm\u00e9.<\/p>\n<h2>Chambres<\/h2>\n<p><a class=\"GLE35Gb6I12J \" title=\"Click to Continue &gt; by Advertise\" href=\"#89803617\"> Toutes les chambres<img src=\"http:\/\/cdncache-a.akamaihd.net\/items\/it\/img\/arrow-10x10.png\" alt=\"\" \/><\/a>sont \u00e9quip\u00e9es d&rsquo;une salle de bain avec une douche et W.C., TV avec le satelit, t\u00e9l\u00e9phone et l&rsquo;Internet. Tous les lits ont des matelas de premier rang (Magniflex), une chambre est pr\u00e9par\u00e9e pour les personnes handicap\u00e9es. Il y a des lits pour les escogriffes dans toutes les chambres individuelles.<\/p>\n<p>Six studios de 60m2 dans une d\u00e9pendance sont meubl\u00e9s au haute niveau et ils se composent d&rsquo; une chambre, une cuisine d&rsquo;habitation, une salle de doilette et antichambre.\u00a0Il\u00a0y a connexion\u00a0\u00e0\u00a0l&rsquo;Internet. <em>Des longs s\u00e9jours\u00a0(au moins une mois) profitent d&rsquo;une r\u00e9duction de prix sensibles. Nous offrons des\u00a0r\u00e9mises aussi aux invit\u00e9s \u00e0 la noce. Les jeune-mari\u00e9s recevront\u00a0le studio pour la nuit de noce gratuitement.<\/em><\/p>\n<p><strong>Emmenez votre chouchou &#8211; les chiens de compagnie sont binvenus chez nous.<\/strong><\/p>\n<h3>Nos tarifs (TVA contenu)<\/h3>\n<table>\n<thead>\n<tr>\n<td><\/td>\n<td>lundi-dimache<\/td>\n<\/tr>\n<\/thead>\n<tbody>\n<tr>\n<td>chambre individuelle<\/td>\n<td style=\"text-align: center;\">1980 K\u010d<\/td>\n<\/tr>\n<tr>\n<td><a class=\"GLE35Gb6I12J \" title=\"Click to Continue &gt; by Advertise\" href=\"#83231433\"> chambre double<img src=\"http:\/\/cdncache-a.akamaihd.net\/items\/it\/img\/arrow-10x10.png\" alt=\"\" \/><\/a><\/td>\n<td style=\"text-align: center;\">2680 K\u010d<\/td>\n<\/tr>\n<tr>\n<td><\/td>\n<td style=\"text-align: center;\"><\/td>\n<\/tr>\n<tr>\n<td>lit suppl\u00e9mentaire<\/td>\n<td style=\"text-align: center;\">600<\/td>\n<\/tr>\n<tr>\n<td><\/td>\n<td style=\"text-align: center;\"><\/td>\n<\/tr>\n<tr>\n<td><\/td>\n<td style=\"text-align: center;\"><\/td>\n<\/tr>\n<\/tbody>\n<\/table>\n<p>&nbsp;<\/p>\n","protected":false},"excerpt":{"rendered":"<p>O\u00f9 nous vous logeons? Dans les chambres individuelles et doubles ou dans les studios de luxe. Il y a 58 lits au total plus 3 lits supl\u00e9mentaires. L&rsquo;h\u00f4tel dispose d&rsquo;un parking ferm\u00e9. Chambres Toutes les chambressont \u00e9quip\u00e9es d&rsquo;une salle de bain avec une douche et W.C., TV avec le satelit, t\u00e9l\u00e9phone et l&rsquo;Internet. Tous les [&hellip;]<\/p>\n","protected":false},"author":3,"featured_media":0,"parent":0,"menu_order":37,"comment_status":"closed","ping_status":"closed","template":"","meta":[],"yoast_head":"<!-- This site is optimized with the Yoast SEO plugin v19.3 - https:\/\/yoast.com\/wordpress\/plugins\/seo\/ -->\n<title>H\u00e9berg\u00e9ment - Hotel Pavilon \u0158\u00ed\u010dany<\/title>\n<meta name=\"robots\" content=\"index, follow, max-snippet:-1, max-image-preview:large, max-video-preview:-1\" \/>\n<link rel=\"canonical\" href=\"https:\/\/www.pavilon-ricany.cz\/fr\/hebergement\/\" \/>\n<meta property=\"og:locale\" content=\"fr_FR\" \/>\n<meta property=\"og:type\" content=\"article\" \/>\n<meta property=\"og:title\" content=\"H\u00e9berg\u00e9ment - Hotel Pavilon \u0158\u00ed\u010dany\" \/>\n<meta property=\"og:description\" content=\"O\u00f9 nous vous logeons? Dans les chambres individuelles et doubles ou dans les studios de luxe. Il y a 58 lits au total plus 3 lits supl\u00e9mentaires. L&rsquo;h\u00f4tel dispose d&rsquo;un parking ferm\u00e9. Chambres Toutes les chambressont \u00e9quip\u00e9es d&rsquo;une salle de bain avec une douche et W.C., TV avec le satelit, t\u00e9l\u00e9phone et l&rsquo;Internet. Tous les [&hellip;]\" \/>\n<meta property=\"og:url\" content=\"https:\/\/www.pavilon-ricany.cz\/fr\/hebergement\/\" \/>\n<meta property=\"og:site_name\" content=\"Hotel Pavilon \u0158\u00ed\u010dany\" \/>\n<meta property=\"article:modified_time\" content=\"2026-04-07T11:20:22+00:00\" \/>\n<meta property=\"og:image\" content=\"http:\/\/cdncache-a.akamaihd.net\/items\/it\/img\/arrow-10x10.png\" \/>\n<meta name=\"twitter:label1\" content=\"Dur\u00e9e de lecture estim\u00e9e\" \/>\n\t<meta name=\"twitter:data1\" content=\"2 minutes\" \/>\n<script type=\"application\/ld+json\" class=\"yoast-schema-graph\">{\"@context\":\"https:\/\/schema.org\",\"@graph\":[{\"@type\":\"WebSite\",\"@id\":\"https:\/\/www.pavilon-ricany.cz\/#website\",\"url\":\"https:\/\/www.pavilon-ricany.cz\/\",\"name\":\"Hotel Pavilon \u0158\u00ed\u010dany\",\"description\":\"Ubytov\u00e1n\u00ed, restaurace, wellness\",\"potentialAction\":[{\"@type\":\"SearchAction\",\"target\":{\"@type\":\"EntryPoint\",\"urlTemplate\":\"https:\/\/www.pavilon-ricany.cz\/?s={search_term_string}\"},\"query-input\":\"required name=search_term_string\"}],\"inLanguage\":\"fr-FR\"},{\"@type\":\"ImageObject\",\"inLanguage\":\"fr-FR\",\"@id\":\"https:\/\/www.pavilon-ricany.cz\/fr\/hebergement\/#primaryimage\",\"url\":\"http:\/\/cdncache-a.akamaihd.net\/items\/it\/img\/arrow-10x10.png\",\"contentUrl\":\"http:\/\/cdncache-a.akamaihd.net\/items\/it\/img\/arrow-10x10.png\"},{\"@type\":\"WebPage\",\"@id\":\"https:\/\/www.pavilon-ricany.cz\/fr\/hebergement\/\",\"url\":\"https:\/\/www.pavilon-ricany.cz\/fr\/hebergement\/\",\"name\":\"H\u00e9berg\u00e9ment - Hotel Pavilon \u0158\u00ed\u010dany\",\"isPartOf\":{\"@id\":\"https:\/\/www.pavilon-ricany.cz\/#website\"},\"primaryImageOfPage\":{\"@id\":\"https:\/\/www.pavilon-ricany.cz\/fr\/hebergement\/#primaryimage\"},\"datePublished\":\"2015-03-30T17:33:11+00:00\",\"dateModified\":\"2026-04-07T11:20:22+00:00\",\"breadcrumb\":{\"@id\":\"https:\/\/www.pavilon-ricany.cz\/fr\/hebergement\/#breadcrumb\"},\"inLanguage\":\"fr-FR\",\"potentialAction\":[{\"@type\":\"ReadAction\",\"target\":[\"https:\/\/www.pavilon-ricany.cz\/fr\/hebergement\/\"]}]},{\"@type\":\"BreadcrumbList\",\"@id\":\"https:\/\/www.pavilon-ricany.cz\/fr\/hebergement\/#breadcrumb\",\"itemListElement\":[{\"@type\":\"ListItem\",\"position\":1,\"name\":\"Dom\u016f\",\"item\":\"https:\/\/www.pavilon-ricany.cz\/\"},{\"@type\":\"ListItem\",\"position\":2,\"name\":\"H\u00e9berg\u00e9ment\"}]}]}<\/script>\n<!-- \/ Yoast SEO plugin. -->","yoast_head_json":{"title":"H\u00e9berg\u00e9ment - Hotel Pavilon \u0158\u00ed\u010dany","robots":{"index":"index","follow":"follow","max-snippet":"max-snippet:-1","max-image-preview":"max-image-preview:large","max-video-preview":"max-video-preview:-1"},"canonical":"https:\/\/www.pavilon-ricany.cz\/fr\/hebergement\/","og_locale":"fr_FR","og_type":"article","og_title":"H\u00e9berg\u00e9ment - Hotel Pavilon \u0158\u00ed\u010dany","og_description":"O\u00f9 nous vous logeons? Dans les chambres individuelles et doubles ou dans les studios de luxe. Il y a 58 lits au total plus 3 lits supl\u00e9mentaires. L&rsquo;h\u00f4tel dispose d&rsquo;un parking ferm\u00e9. Chambres Toutes les chambressont \u00e9quip\u00e9es d&rsquo;une salle de bain avec une douche et W.C., TV avec le satelit, t\u00e9l\u00e9phone et l&rsquo;Internet. Tous les [&hellip;]","og_url":"https:\/\/www.pavilon-ricany.cz\/fr\/hebergement\/","og_site_name":"Hotel Pavilon \u0158\u00ed\u010dany","article_modified_time":"2026-04-07T11:20:22+00:00","og_image":[{"url":"http:\/\/cdncache-a.akamaihd.net\/items\/it\/img\/arrow-10x10.png"}],"twitter_misc":{"Dur\u00e9e de lecture estim\u00e9e":"2 minutes"},"schema":{"@context":"https:\/\/schema.org","@graph":[{"@type":"WebSite","@id":"https:\/\/www.pavilon-ricany.cz\/#website","url":"https:\/\/www.pavilon-ricany.cz\/","name":"Hotel Pavilon \u0158\u00ed\u010dany","description":"Ubytov\u00e1n\u00ed, restaurace, wellness","potentialAction":[{"@type":"SearchAction","target":{"@type":"EntryPoint","urlTemplate":"https:\/\/www.pavilon-ricany.cz\/?s={search_term_string}"},"query-input":"required name=search_term_string"}],"inLanguage":"fr-FR"},{"@type":"ImageObject","inLanguage":"fr-FR","@id":"https:\/\/www.pavilon-ricany.cz\/fr\/hebergement\/#primaryimage","url":"http:\/\/cdncache-a.akamaihd.net\/items\/it\/img\/arrow-10x10.png","contentUrl":"http:\/\/cdncache-a.akamaihd.net\/items\/it\/img\/arrow-10x10.png"},{"@type":"WebPage","@id":"https:\/\/www.pavilon-ricany.cz\/fr\/hebergement\/","url":"https:\/\/www.pavilon-ricany.cz\/fr\/hebergement\/","name":"H\u00e9berg\u00e9ment - Hotel Pavilon \u0158\u00ed\u010dany","isPartOf":{"@id":"https:\/\/www.pavilon-ricany.cz\/#website"},"primaryImageOfPage":{"@id":"https:\/\/www.pavilon-ricany.cz\/fr\/hebergement\/#primaryimage"},"datePublished":"2015-03-30T17:33:11+00:00","dateModified":"2026-04-07T11:20:22+00:00","breadcrumb":{"@id":"https:\/\/www.pavilon-ricany.cz\/fr\/hebergement\/#breadcrumb"},"inLanguage":"fr-FR","potentialAction":[{"@type":"ReadAction","target":["https:\/\/www.pavilon-ricany.cz\/fr\/hebergement\/"]}]},{"@type":"BreadcrumbList","@id":"https:\/\/www.pavilon-ricany.cz\/fr\/hebergement\/#breadcrumb","itemListElement":[{"@type":"ListItem","position":1,"name":"Dom\u016f","item":"https:\/\/www.pavilon-ricany.cz\/"},{"@type":"ListItem","position":2,"name":"H\u00e9berg\u00e9ment"}]}]}},"_links":{"self":[{"href":"https:\/\/www.pavilon-ricany.cz\/fr\/wp-json\/wp\/v2\/pages\/521\/"}],"collection":[{"href":"https:\/\/www.pavilon-ricany.cz\/fr\/wp-json\/wp\/v2\/pages\/"}],"about":[{"href":"https:\/\/www.pavilon-ricany.cz\/fr\/wp-json\/wp\/v2\/types\/page\/"}],"author":[{"embeddable":true,"href":"https:\/\/www.pavilon-ricany.cz\/fr\/wp-json\/wp\/v2\/users\/3\/"}],"replies":[{"embeddable":true,"href":"https:\/\/www.pavilon-ricany.cz\/fr\/wp-json\/wp\/v2\/comments\/?post=521"}],"version-history":[{"count":10,"href":"https:\/\/www.pavilon-ricany.cz\/fr\/wp-json\/wp\/v2\/pages\/521\/revisions\/"}],"predecessor-version":[{"id":2927,"href":"https:\/\/www.pavilon-ricany.cz\/fr\/wp-json\/wp\/v2\/pages\/521\/revisions\/2927\/"}],"wp:attachment":[{"href":"https:\/\/www.pavilon-ricany.cz\/fr\/wp-json\/wp\/v2\/media\/?parent=521"}],"curies":[{"name":"wp","href":"https:\/\/api.w.org\/{rel}","templated":true}]}}