{"id":523,"date":"2015-03-30T18:44:08","date_gmt":"2015-03-30T17:44:08","guid":{"rendered":"http:\/\/www.pavilon-ricany.cz\/?page_id=523"},"modified":"2015-03-30T18:44:08","modified_gmt":"2015-03-30T17:44:08","slug":"sport-et-bien-etre","status":"publish","type":"page","link":"https:\/\/www.pavilon-ricany.cz\/fr\/sport-et-bien-etre\/","title":{"rendered":"Sport et bien-\u00eatre"},"content":{"rendered":"<h2>Que trouvez-vous chez nous?<\/h2>\n<p>Beaucoup d&rsquo;activit\u00e9s sportives pendant toute l&rsquo;ann\u00e9e. Vous pouvez jouer au squash ou au billard directement chez nous. Il y a des courts de tennis et des terrains de golf dans un voisinage imm\u00e9diat.<\/p>\n","protected":false},"excerpt":{"rendered":"<p>Que trouvez-vous chez nous? Beaucoup d&rsquo;activit\u00e9s sportives pendant toute l&rsquo;ann\u00e9e. Vous pouvez jouer au squash ou au billard directement chez nous. Il y a des courts de tennis et des terrains de golf dans un voisinage imm\u00e9diat.<\/p>\n","protected":false},"author":3,"featured_media":0,"parent":0,"menu_order":26,"comment_status":"closed","ping_status":"closed","template":"sport-a-wellness.php","meta":[],"yoast_head":"<!-- This site is optimized with the Yoast SEO plugin v19.3 - https:\/\/yoast.com\/wordpress\/plugins\/seo\/ -->\n<title>Sport et bien-\u00eatre - Hotel Pavilon \u0158\u00ed\u010dany<\/title>\n<meta name=\"robots\" content=\"index, follow, max-snippet:-1, max-image-preview:large, max-video-preview:-1\" \/>\n<link rel=\"canonical\" href=\"https:\/\/www.pavilon-ricany.cz\/fr\/sport-et-bien-etre\/\" \/>\n<meta property=\"og:locale\" content=\"fr_FR\" \/>\n<meta property=\"og:type\" content=\"article\" \/>\n<meta property=\"og:title\" content=\"Sport et bien-\u00eatre - Hotel Pavilon \u0158\u00ed\u010dany\" \/>\n<meta property=\"og:description\" content=\"Que trouvez-vous chez nous? Beaucoup d&rsquo;activit\u00e9s sportives pendant toute l&rsquo;ann\u00e9e. Vous pouvez jouer au squash ou au billard directement chez nous. Il y a des courts de tennis et des terrains de golf dans un voisinage imm\u00e9diat.\" \/>\n<meta property=\"og:url\" content=\"https:\/\/www.pavilon-ricany.cz\/fr\/sport-et-bien-etre\/\" \/>\n<meta property=\"og:site_name\" content=\"Hotel Pavilon \u0158\u00ed\u010dany\" \/>\n<script type=\"application\/ld+json\" class=\"yoast-schema-graph\">{\"@context\":\"https:\/\/schema.org\",\"@graph\":[{\"@type\":\"WebSite\",\"@id\":\"https:\/\/www.pavilon-ricany.cz\/#website\",\"url\":\"https:\/\/www.pavilon-ricany.cz\/\",\"name\":\"Hotel Pavilon \u0158\u00ed\u010dany\",\"description\":\"Ubytov\u00e1n\u00ed, restaurace, wellness\",\"potentialAction\":[{\"@type\":\"SearchAction\",\"target\":{\"@type\":\"EntryPoint\",\"urlTemplate\":\"https:\/\/www.pavilon-ricany.cz\/?s={search_term_string}\"},\"query-input\":\"required name=search_term_string\"}],\"inLanguage\":\"fr-FR\"},{\"@type\":\"WebPage\",\"@id\":\"https:\/\/www.pavilon-ricany.cz\/fr\/sport-et-bien-etre\/\",\"url\":\"https:\/\/www.pavilon-ricany.cz\/fr\/sport-et-bien-etre\/\",\"name\":\"Sport et bien-\u00eatre - Hotel Pavilon \u0158\u00ed\u010dany\",\"isPartOf\":{\"@id\":\"https:\/\/www.pavilon-ricany.cz\/#website\"},\"datePublished\":\"2015-03-30T17:44:08+00:00\",\"dateModified\":\"2015-03-30T17:44:08+00:00\",\"breadcrumb\":{\"@id\":\"https:\/\/www.pavilon-ricany.cz\/fr\/sport-et-bien-etre\/#breadcrumb\"},\"inLanguage\":\"fr-FR\",\"potentialAction\":[{\"@type\":\"ReadAction\",\"target\":[\"https:\/\/www.pavilon-ricany.cz\/fr\/sport-et-bien-etre\/\"]}]},{\"@type\":\"BreadcrumbList\",\"@id\":\"https:\/\/www.pavilon-ricany.cz\/fr\/sport-et-bien-etre\/#breadcrumb\",\"itemListElement\":[{\"@type\":\"ListItem\",\"position\":1,\"name\":\"Dom\u016f\",\"item\":\"https:\/\/www.pavilon-ricany.cz\/\"},{\"@type\":\"ListItem\",\"position\":2,\"name\":\"Sport et bien-\u00eatre\"}]}]}<\/script>\n<!-- \/ Yoast SEO plugin. -->","yoast_head_json":{"title":"Sport et bien-\u00eatre - Hotel Pavilon \u0158\u00ed\u010dany","robots":{"index":"index","follow":"follow","max-snippet":"max-snippet:-1","max-image-preview":"max-image-preview:large","max-video-preview":"max-video-preview:-1"},"canonical":"https:\/\/www.pavilon-ricany.cz\/fr\/sport-et-bien-etre\/","og_locale":"fr_FR","og_type":"article","og_title":"Sport et bien-\u00eatre - Hotel Pavilon \u0158\u00ed\u010dany","og_description":"Que trouvez-vous chez nous? Beaucoup d&rsquo;activit\u00e9s sportives pendant toute l&rsquo;ann\u00e9e. Vous pouvez jouer au squash ou au billard directement chez nous. Il y a des courts de tennis et des terrains de golf dans un voisinage imm\u00e9diat.","og_url":"https:\/\/www.pavilon-ricany.cz\/fr\/sport-et-bien-etre\/","og_site_name":"Hotel Pavilon \u0158\u00ed\u010dany","schema":{"@context":"https:\/\/schema.org","@graph":[{"@type":"WebSite","@id":"https:\/\/www.pavilon-ricany.cz\/#website","url":"https:\/\/www.pavilon-ricany.cz\/","name":"Hotel Pavilon \u0158\u00ed\u010dany","description":"Ubytov\u00e1n\u00ed, restaurace, wellness","potentialAction":[{"@type":"SearchAction","target":{"@type":"EntryPoint","urlTemplate":"https:\/\/www.pavilon-ricany.cz\/?s={search_term_string}"},"query-input":"required name=search_term_string"}],"inLanguage":"fr-FR"},{"@type":"WebPage","@id":"https:\/\/www.pavilon-ricany.cz\/fr\/sport-et-bien-etre\/","url":"https:\/\/www.pavilon-ricany.cz\/fr\/sport-et-bien-etre\/","name":"Sport et bien-\u00eatre - Hotel Pavilon \u0158\u00ed\u010dany","isPartOf":{"@id":"https:\/\/www.pavilon-ricany.cz\/#website"},"datePublished":"2015-03-30T17:44:08+00:00","dateModified":"2015-03-30T17:44:08+00:00","breadcrumb":{"@id":"https:\/\/www.pavilon-ricany.cz\/fr\/sport-et-bien-etre\/#breadcrumb"},"inLanguage":"fr-FR","potentialAction":[{"@type":"ReadAction","target":["https:\/\/www.pavilon-ricany.cz\/fr\/sport-et-bien-etre\/"]}]},{"@type":"BreadcrumbList","@id":"https:\/\/www.pavilon-ricany.cz\/fr\/sport-et-bien-etre\/#breadcrumb","itemListElement":[{"@type":"ListItem","position":1,"name":"Dom\u016f","item":"https:\/\/www.pavilon-ricany.cz\/"},{"@type":"ListItem","position":2,"name":"Sport et bien-\u00eatre"}]}]}},"_links":{"self":[{"href":"https:\/\/www.pavilon-ricany.cz\/fr\/wp-json\/wp\/v2\/pages\/523\/"}],"collection":[{"href":"https:\/\/www.pavilon-ricany.cz\/fr\/wp-json\/wp\/v2\/pages\/"}],"about":[{"href":"https:\/\/www.pavilon-ricany.cz\/fr\/wp-json\/wp\/v2\/types\/page\/"}],"author":[{"embeddable":true,"href":"https:\/\/www.pavilon-ricany.cz\/fr\/wp-json\/wp\/v2\/users\/3\/"}],"replies":[{"embeddable":true,"href":"https:\/\/www.pavilon-ricany.cz\/fr\/wp-json\/wp\/v2\/comments\/?post=523"}],"version-history":[{"count":1,"href":"https:\/\/www.pavilon-ricany.cz\/fr\/wp-json\/wp\/v2\/pages\/523\/revisions\/"}],"predecessor-version":[{"id":524,"href":"https:\/\/www.pavilon-ricany.cz\/fr\/wp-json\/wp\/v2\/pages\/523\/revisions\/524\/"}],"wp:attachment":[{"href":"https:\/\/www.pavilon-ricany.cz\/fr\/wp-json\/wp\/v2\/media\/?parent=523"}],"curies":[{"name":"wp","href":"https:\/\/api.w.org\/{rel}","templated":true}]}}