{"id":535,"date":"2015-03-30T19:20:55","date_gmt":"2015-03-30T18:20:55","guid":{"rendered":"http:\/\/www.pavilon-ricany.cz\/?page_id=535"},"modified":"2015-03-30T19:20:55","modified_gmt":"2015-03-30T18:20:55","slug":"contact","status":"publish","type":"page","link":"https:\/\/www.pavilon-ricany.cz\/fr\/contact\/","title":{"rendered":"Contact"},"content":{"rendered":"","protected":false},"excerpt":{"rendered":"","protected":false},"author":3,"featured_media":0,"parent":0,"menu_order":48,"comment_status":"closed","ping_status":"closed","template":"contact.php","meta":[],"yoast_head":"<!-- This site is optimized with the Yoast SEO plugin v19.3 - https:\/\/yoast.com\/wordpress\/plugins\/seo\/ -->\n<title>Contact - Hotel Pavilon \u0158\u00ed\u010dany<\/title>\n<meta name=\"robots\" content=\"index, follow, max-snippet:-1, max-image-preview:large, max-video-preview:-1\" \/>\n<link rel=\"canonical\" href=\"https:\/\/www.pavilon-ricany.cz\/fr\/contact\/\" \/>\n<meta property=\"og:locale\" content=\"fr_FR\" \/>\n<meta property=\"og:type\" content=\"article\" \/>\n<meta property=\"og:title\" content=\"Contact - Hotel Pavilon \u0158\u00ed\u010dany\" \/>\n<meta property=\"og:url\" content=\"https:\/\/www.pavilon-ricany.cz\/fr\/contact\/\" \/>\n<meta property=\"og:site_name\" content=\"Hotel Pavilon \u0158\u00ed\u010dany\" \/>\n<script type=\"application\/ld+json\" class=\"yoast-schema-graph\">{\"@context\":\"https:\/\/schema.org\",\"@graph\":[{\"@type\":\"WebSite\",\"@id\":\"https:\/\/www.pavilon-ricany.cz\/#website\",\"url\":\"https:\/\/www.pavilon-ricany.cz\/\",\"name\":\"Hotel Pavilon \u0158\u00ed\u010dany\",\"description\":\"Ubytov\u00e1n\u00ed, restaurace, wellness\",\"potentialAction\":[{\"@type\":\"SearchAction\",\"target\":{\"@type\":\"EntryPoint\",\"urlTemplate\":\"https:\/\/www.pavilon-ricany.cz\/?s={search_term_string}\"},\"query-input\":\"required name=search_term_string\"}],\"inLanguage\":\"fr-FR\"},{\"@type\":\"WebPage\",\"@id\":\"https:\/\/www.pavilon-ricany.cz\/fr\/contact\/\",\"url\":\"https:\/\/www.pavilon-ricany.cz\/fr\/contact\/\",\"name\":\"Contact - Hotel Pavilon \u0158\u00ed\u010dany\",\"isPartOf\":{\"@id\":\"https:\/\/www.pavilon-ricany.cz\/#website\"},\"datePublished\":\"2015-03-30T18:20:55+00:00\",\"dateModified\":\"2015-03-30T18:20:55+00:00\",\"breadcrumb\":{\"@id\":\"https:\/\/www.pavilon-ricany.cz\/fr\/contact\/#breadcrumb\"},\"inLanguage\":\"fr-FR\",\"potentialAction\":[{\"@type\":\"ReadAction\",\"target\":[\"https:\/\/www.pavilon-ricany.cz\/fr\/contact\/\"]}]},{\"@type\":\"BreadcrumbList\",\"@id\":\"https:\/\/www.pavilon-ricany.cz\/fr\/contact\/#breadcrumb\",\"itemListElement\":[{\"@type\":\"ListItem\",\"position\":1,\"name\":\"Dom\u016f\",\"item\":\"https:\/\/www.pavilon-ricany.cz\/\"},{\"@type\":\"ListItem\",\"position\":2,\"name\":\"Contact\"}]}]}<\/script>\n<!-- \/ Yoast SEO plugin. -->","yoast_head_json":{"title":"Contact - Hotel Pavilon \u0158\u00ed\u010dany","robots":{"index":"index","follow":"follow","max-snippet":"max-snippet:-1","max-image-preview":"max-image-preview:large","max-video-preview":"max-video-preview:-1"},"canonical":"https:\/\/www.pavilon-ricany.cz\/fr\/contact\/","og_locale":"fr_FR","og_type":"article","og_title":"Contact - Hotel Pavilon \u0158\u00ed\u010dany","og_url":"https:\/\/www.pavilon-ricany.cz\/fr\/contact\/","og_site_name":"Hotel Pavilon \u0158\u00ed\u010dany","schema":{"@context":"https:\/\/schema.org","@graph":[{"@type":"WebSite","@id":"https:\/\/www.pavilon-ricany.cz\/#website","url":"https:\/\/www.pavilon-ricany.cz\/","name":"Hotel Pavilon \u0158\u00ed\u010dany","description":"Ubytov\u00e1n\u00ed, restaurace, wellness","potentialAction":[{"@type":"SearchAction","target":{"@type":"EntryPoint","urlTemplate":"https:\/\/www.pavilon-ricany.cz\/?s={search_term_string}"},"query-input":"required name=search_term_string"}],"inLanguage":"fr-FR"},{"@type":"WebPage","@id":"https:\/\/www.pavilon-ricany.cz\/fr\/contact\/","url":"https:\/\/www.pavilon-ricany.cz\/fr\/contact\/","name":"Contact - Hotel Pavilon \u0158\u00ed\u010dany","isPartOf":{"@id":"https:\/\/www.pavilon-ricany.cz\/#website"},"datePublished":"2015-03-30T18:20:55+00:00","dateModified":"2015-03-30T18:20:55+00:00","breadcrumb":{"@id":"https:\/\/www.pavilon-ricany.cz\/fr\/contact\/#breadcrumb"},"inLanguage":"fr-FR","potentialAction":[{"@type":"ReadAction","target":["https:\/\/www.pavilon-ricany.cz\/fr\/contact\/"]}]},{"@type":"BreadcrumbList","@id":"https:\/\/www.pavilon-ricany.cz\/fr\/contact\/#breadcrumb","itemListElement":[{"@type":"ListItem","position":1,"name":"Dom\u016f","item":"https:\/\/www.pavilon-ricany.cz\/"},{"@type":"ListItem","position":2,"name":"Contact"}]}]}},"_links":{"self":[{"href":"https:\/\/www.pavilon-ricany.cz\/fr\/wp-json\/wp\/v2\/pages\/535\/"}],"collection":[{"href":"https:\/\/www.pavilon-ricany.cz\/fr\/wp-json\/wp\/v2\/pages\/"}],"about":[{"href":"https:\/\/www.pavilon-ricany.cz\/fr\/wp-json\/wp\/v2\/types\/page\/"}],"author":[{"embeddable":true,"href":"https:\/\/www.pavilon-ricany.cz\/fr\/wp-json\/wp\/v2\/users\/3\/"}],"replies":[{"embeddable":true,"href":"https:\/\/www.pavilon-ricany.cz\/fr\/wp-json\/wp\/v2\/comments\/?post=535"}],"version-history":[{"count":1,"href":"https:\/\/www.pavilon-ricany.cz\/fr\/wp-json\/wp\/v2\/pages\/535\/revisions\/"}],"predecessor-version":[{"id":536,"href":"https:\/\/www.pavilon-ricany.cz\/fr\/wp-json\/wp\/v2\/pages\/535\/revisions\/536\/"}],"wp:attachment":[{"href":"https:\/\/www.pavilon-ricany.cz\/fr\/wp-json\/wp\/v2\/media\/?parent=535"}],"curies":[{"name":"wp","href":"https:\/\/api.w.org\/{rel}","templated":true}]}}